{"id":12173,"date":"2023-03-20T09:41:06","date_gmt":"2023-03-20T09:41:06","guid":{"rendered":"https:\/\/dribblium.com\/datenschutzbestimmungen\/"},"modified":"2023-03-20T09:41:06","modified_gmt":"2023-03-20T09:41:06","slug":"datenschutzbestimmungen","status":"publish","type":"page","link":"https:\/\/dribblium.com\/de\/datenschutzbestimmungen\/","title":{"rendered":"Datenschutzbestimmungen"},"content":{"rendered":"<h1>DATENSCHUTZERKL\u00c4RUNG VERARBEITUNG PERSONENBEZOGENER DATEN E-COMMERCE-WEBSITE<\/h1>\n<p>&nbsp;<\/p>\n<p>Inhaber der Datenverarbeitung: DRIBBLIUM s.r.l. &#8211; Via Giordano Bruno n. 15, 20154 Milano (MI), email: <a href=\"mailto:legal@dribblium.com\" target=\"_blank\" rel=\"noopener\">legal@dribblium.com<\/a> DRIBBLIUM S.r.l. ist der Inhaber der Wortmarke DRIBBLIUM, der Website <a href=\"http:\/\/www.dribblium.com\">www.dribblium.com<\/a> und der Web-App &#8222;App.dribblium.com&#8220;. <\/p>\n<p>Der Interessent, der die nachstehenden Informationen gelesen hat, erkl\u00e4rt sich ausdr\u00fccklich mit der Registrierung und der Abfrage seiner Daten einverstanden, um die von der Website <a href=\"https:\/\/dribblium.com\/de\/\">www.dribblium.com<\/a> zur Verf\u00fcgung gestellten Dienste in der nachstehend angegebenen Weise zu nutzen, indem er die angeforderten Daten \u00fcbermittelt, was durch Dr\u00fccken der Schaltfl\u00e4che &#8222;Bestellung aufgeben&#8220; im Bereich <a href=\"https:\/\/dribblium.com\/de\/bezahlung\/\">https:\/\/dribblium.com\/pagamento\/<\/a> nach Erteilung der Zustimmung erfolgt.<\/p>\n<p><em>Informationen gem\u00e4\u00df Artikel 13 und 14 der EU-VO 2016\/679 und den nationalen Datenschutzgesetzen. <\/em><\/p>\n<h3>DEFINITIONEN<\/h3>\n<ul>\n<li>Trainingskarte: Spielmatte 150 x90cm (Ball nicht enthalten)<\/li>\n<li>App.Dribblium.com: Plattform, die die von Dribblium angebotene virtuelle Erfahrung enth\u00e4lt, im Folgenden als &#8218;Webapp&#8216; bezeichnet<\/li>\n<\/ul>\n<h3>ART DER PERSONENBEZOGENEN DATEN<\/h3>\n<p>Die Website erfordert die Eingabe von pers\u00f6nlichen Daten von vollj\u00e4hrigen Personen.<br \/>\nDie Website ben\u00f6tigt Daten (pers\u00f6nliche Angaben, Rechnungs- und Lieferadresse, Kontaktdaten, E-Mail und Mobiltelefon), die f\u00fcr die Durchf\u00fchrung der Operationen von:<\/p>\n<ul>\n<li>Service Kommunikation<\/li>\n<li>Rechnungsstellung<\/li>\n<li>Produktversand<\/li>\n<\/ul>\n<p>Die angeforderten Daten werden ben\u00f6tigt, um den Online-Kauf des Produkts abzuschlie\u00dfen, einschlie\u00dflich der Trainingskarte und des Zugangscodes f\u00fcr die Web-App und die dazugeh\u00f6rigen Trainingsprogramme.<\/p>\n<h3>ZWECKE UND RECHTSGRUNDLAGEN, DIE DIE VERARBEITUNG RECHTM\u00c4SSIG MACHEN<\/h3>\n<p>Die Daten werden auf der Website f\u00fcr die folgenden Zwecke verarbeitet:<\/p>\n<p>a) der betreffenden Person die M\u00f6glichkeit geben, f\u00fcr die Trainingskarte, die Trainingskartenh\u00fclle und den Zugangscode zur Web-App zu bezahlen;<br \/>\nb) der betreffenden Person die Bezahlung des Produkts Schulungskarte und der damit verbundenen Dienstleistungen, die auf der Website angeboten werden, in Rechnung zu stellen;<br \/>\nc) der betreffenden Person erlauben, SMS\/Benachrichtigungen \u00fcber die Best\u00e4tigung der Transaktion und den Versand des Produkts zu erhalten;<br \/>\nd) der betreffenden Person erlauben, die Trainingskarte zu erhalten;<br \/>\n(e) der betreffenden Person zu erm\u00f6glichen, \u00fcber die auf der Website registrierte E-Mail den eindeutigen Code f\u00fcr den Zugriff auf die Webapp zu erhalten<br \/>\nf)erm\u00f6glichen es dem Controller, die Leistung der Benutzererfassungskan\u00e4le zu kennen;<br \/>\ng) f\u00fcr statistische Berichte mit anonymisierten Daten \u00fcber die Aktivit\u00e4t der Website<br \/>\n(h) dem f\u00fcr die Verarbeitung Verantwortlichen zu erm\u00f6glichen, seine Rechte gegebenenfalls vor Gericht zu verteidigen<\/p>\n<p>F\u00fcr die oben unter a) bis e) genannten Zwecke ist die Rechtsgrundlage der zwischen der Firma Dribblium S.r.l. und dem Nutzer der Website <a href=\"http:\/\/www.dribblium.com\">www.dribblium.com<\/a> geschlossene Vertrag. F\u00fcr die in den Buchstaben f) und g) genannten Zwecke wird die Rechtsgrundlage durch die Zustimmung des Nutzers durch die Annahme der Cookie-Richtlinie gebildet. F\u00fcr den unter Buchstabe h) genannten Zweck besteht die Rechtsgrundlage in der Erf\u00fcllung gesetzlicher Verpflichtungen.     <\/p>\n<h3>BEHANDLUNGSMETHODEN<\/h3>\n<p>Die betreffende Person wird gebeten, ihre Daten im Bereich <a href=\"https:\/\/dribblium.com\/de\/bezahlung\/\">https:\/\/dribblium.com\/pagamento\/<\/a> anzugeben. Damit k\u00f6nnen Sie die Trainingskarte und den Zugangscode f\u00fcr die Webapp mit den Trainingsprogrammen erwerben.<\/p>\n<p>Der Zugangscode ist ein eindeutiger parametrischer Code, dessen einziger Zweck darin besteht, der Person, die das Produkt erworben hat, die Konfiguration des Schulungskontos innerhalb der Webapp zu erm\u00f6glichen. Sobald der Code in die Trainingsplattform eingegeben wurde, wird er automatisch vom System gel\u00f6scht. Alle Informationen \u00fcber die Verarbeitung der personenbezogenen Daten der betroffenen Person innerhalb der Webapp sind in der Datenschutzerkl\u00e4rung enthalten, die Sie hier (Link) einsehen k\u00f6nnen.  <\/p>\n<p>Durch die Best\u00e4tigung seiner E-Mail ist sich der Nutzer bewusst, dass dies die einzige M\u00f6glichkeit ist, den Verkauf, die Rechnungsstellung und den Versand des Produkts zu erm\u00f6glichen.<\/p>\n<p>Die Daten der betroffenen Person werden unter Einhaltung der Grunds\u00e4tze der Rechtm\u00e4\u00dfigkeit, Korrektheit und Transparenz mit manuellen oder automatisierten Mitteln verarbeitet, auch durch Aufnahme in Datenbanken, Listen und Verzeichnisse, die f\u00fcr die Speicherung, Verwaltung und \u00dcbermittlung von Daten geeignet sind, und zwar in der Art und Weise und in dem Umfang, wie es f\u00fcr die Verfolgung der oben genannten Zwecke erforderlich ist. Die Verarbeitung erfolgt unter Beachtung des Grundsatzes der Notwendigkeit und Verh\u00e4ltnism\u00e4\u00dfigkeit, wobei die Verarbeitung personenbezogener Daten vermieden wird, wenn die Vorg\u00e4nge durch die Verwendung anonymer Daten oder auf andere Weise durchgef\u00fchrt werden k\u00f6nnen. Dribblium S.r.l. hat besondere Sicherheitsma\u00dfnahmen ergriffen, um den Verlust personenbezogener Daten, die unrechtm\u00e4\u00dfige oder falsche Verwendung und den unbefugten Zugriff zu verhindern.  <\/p>\n<p>Die Daten sind nicht Gegenstand einer automatisierten Entscheidungsfindung oder eines Profilings.<\/p>\n<p>Bei der Verarbeitung personenbezogener Daten, die die &#8222;betroffene Person&#8220; direkt oder indirekt identifizieren k\u00f6nnen, handelt der f\u00fcr die Verarbeitung Verantwortliche nach dem Grundsatz der strikten Notwendigkeit. Aus diesem Grund hat er den Zugang zu den Daten, die auf der Website vorhanden sind, so konfiguriert, dass die Verwendung personenbezogener Daten auf ein Minimum reduziert wird und die Verarbeitung personenbezogener Daten, mit denen die betroffene Person identifiziert werden kann, auf die Erbringung der angeforderten Dienstleistungen und die Einhaltung der von der betroffenen Person bei der Bezahlung des Produkts angegebenen Modalit\u00e4ten beschr\u00e4nkt wird, die anschlie\u00dfend ge\u00e4ndert werden k\u00f6nnen, oder auf Anfrage der Beh\u00f6rden und der Polizei oder zur Feststellung der Verantwortlichkeit im Falle hypothetischer Verst\u00f6\u00dfe gegen die Website. <\/p>\n<h3>AUFBEWAHRUNGSFRIST F\u00dcR PERSONENBEZOGENE DATEN<\/h3>\n<p>Die von der verantwortlichen Stelle verarbeiteten personenbezogenen Daten werden wie folgt gespeichert:<\/p>\n<p>f\u00fcr die Zwecke unter den Buchstaben a) bis e) bis zu 2 Monate nach den f\u00fcr den Abschluss des Online-Verkaufs erforderlichen Vorg\u00e4ngen (einschlie\u00dflich etwaiger Nachverkaufsaktivit\u00e4ten); f\u00fcr die Zwecke unter den Buchstaben f) und g) einen Monat; f\u00fcr die Zwecke unter Buchstabe h) 10 Jahre nach Abschluss der Verkaufstransaktion in \u00dcbereinstimmung mit den geltenden Vorschriften. W\u00fcnscht die betroffene Person die L\u00f6schung ihrer personenbezogenen Daten vor Ablauf der angegebenen Fristen, so kann sie diesen Wunsch durch eine Anfrage an legal@dribblium.com mitteilen. Die L\u00f6schung der Daten ist unwiderruflich. Dem Antrag kann f\u00fcr die unter h) genannten Zwecke nicht entsprochen werden.        <\/p>\n<p>Die angegebenen Aufbewahrungsfristen werden im Falle eines Rechtsstreits oder einer \u00dcberpr\u00fcfung durch die zust\u00e4ndigen Beh\u00f6rden unterbrochen.<\/p>\n<h3>EMPF\u00c4NGER DER DATEN<\/h3>\n<p>Personenbezogene Daten, die von dem f\u00fcr die Verarbeitung Verantwortlichen f\u00fcr die genannten Zwecke verarbeitet werden:<\/p>\n<p><em>(a)<\/em> bis <em>(e)<\/em> werden nur an Logistikdienstleister f\u00fcr den Versand des Schulungskartenprodukts und an Rechnungsdienstleister f\u00fcr die Ausstellung von Abrechnungsunterlagen sowie an Mitarbeiter von Dribblium f\u00fcr die Verwaltung der Kauf- und Verkaufsbeziehung des Kits weitergegeben;<br \/>\n<em>f.<\/em>  sind f\u00fcr die Mitarbeiter von Dribblium, die f\u00fcr die technische Wartung der Website zust\u00e4ndig sind, sichtbar;<br \/>\n<em>g.<\/em>  Die Daten werden in \u00dcbereinstimmung mit den gesetzlichen Verpflichtungen verwendet, wie im Zweck angegeben.<\/p>\n<p>Falls erforderlich, k\u00f6nnen die Registrierungsdaten der betroffenen Person auch an externe Dritte weitergegeben werden. Sie k\u00f6nnen auch an die Mitarbeiter des f\u00fcr die Verarbeitung Verantwortlichen und an bestimmte externe Parteien, die mit ihm zusammenarbeiten, weitergegeben werden, immer unter Einhaltung der angegebenen Zwecke. Dabei handelt es sich insbesondere um Angestellte\/Mitarbeiter, die aufgrund ihrer Funktion und ihrer Arbeitspflichten berechtigt sind, personenbezogene Daten zu verarbeiten, und die daf\u00fcr geschult wurden, dies im Rahmen ihrer Befugnisse und unter Einhaltung der ihnen vom f\u00fcr die Verarbeitung Verantwortlichen erteilten Anweisungen zu tun. Sie k\u00f6nnen auch, soweit unbedingt erforderlich, an Personen weitergegeben werden, die im Rahmen von Auftr\u00e4gen oder Informations- und Angebotsanfragen oder bei der Formulierung von Angeboten f\u00fcr Dribblium oder im Auftrag der betroffenen Person Waren liefern und\/oder Dienstleistungen erbringen\/empfangen m\u00fcssen. Schlie\u00dflich k\u00f6nnen die Daten im Falle von au\u00dfergew\u00f6hnlichen Operationen (z.B. Fusionen, \u00dcbernahmen, Gesch\u00e4fts\u00fcbertragungen usw.) an Dritte weitergegeben werden.    <\/p>\n<p>Auf die Daten k\u00f6nnen (zum Zweck der Unterst\u00fctzung bei SW-Anwendungen, Computernetzwerken und Konnektivit\u00e4t) von Dribblium beauftragte Techniker oder externe Berater oder Beauftragte von Unternehmen, die solche Dienste anbieten, zugreifen. Schlie\u00dflich k\u00f6nnen sie den Personen mitgeteilt werden, die aufgrund von Gesetzen, Verordnungen oder Gemeinschaftsregeln zum Zugriff auf sie berechtigt sind. Die aktualisierte Liste der Datenverarbeiter ist, soweit erforderlich, in den B\u00fcros von Dribblium s.r.l. in der Via Giordano Bruno 15, Mailand (MI) erh\u00e4ltlich.   <\/p>\n<h3>ABSICHT DER VERARBEITUNG PERSONENBEZOGENER DATEN<\/h3>\n<p>Obwohl derzeit alle Stellen, die Daten im Auftrag von Dribblium als externe Datenverantwortliche verarbeiten, in der Europ\u00e4ischen Union ans\u00e4ssig sind, kann es in Zukunft auch notwendig sein, solche Daten an Stellen weiterzugeben, die au\u00dferhalb der Europ\u00e4ischen Union ans\u00e4ssig sind, in L\u00e4ndern, die keinen angemessenen Schutz personenbezogener Daten gem\u00e4\u00df der Europ\u00e4ischen Datenschutzverordnung RE. EU 679\/2016. Dribblium wird, falls erforderlich, Daten au\u00dferhalb der Europ\u00e4ischen Union nur dann weitergeben, wenn die in der Europ\u00e4ischen Verordnung festgelegten Vorsichtsma\u00dfnahmen getroffen wurden und nachdem die erforderlichen Garantien von den angegebenen Personen und die Zustimmung der betroffenen Personen eingeholt wurden.  <\/p>\n<h3>SEINE RECHTE<\/h3>\n<p>Gem\u00e4\u00df den Artikeln 15 bis 22 der Verordnung (EU) 2016\/679 kann die betroffene Person die folgenden Rechte aus\u00fcben, sofern dies vorgesehen ist: <\/p>\n<ul>\n<li>eine Best\u00e4tigung \u00fcber die Existenz oder Nicht-Existenz ihrer pers\u00f6nlichen Daten anfordern;<\/li>\n<li>Informationen \u00fcber die Zwecke der Verarbeitung, die Kategorien personenbezogener Daten, die Empf\u00e4nger oder Kategorien von Empf\u00e4ngern, an die die personenbezogenen Daten weitergegeben wurden oder werden, und, soweit m\u00f6glich, die Aufbewahrungsfrist zu erhalten;<\/li>\n<li>die Berichtigung und L\u00f6schung von Daten zu erwirken;<\/li>\n<li>eine Einschr\u00e4nkung der Verarbeitung zu erwirken;<\/li>\n<li>(falls zutreffend) die \u00dcbertragbarkeit von Daten zu erhalten, d.h. sie von einem f\u00fcr die Datenverarbeitung Verantwortlichen in einem strukturierten, allgemein verwendeten und maschinenlesbaren Format zu erhalten und sie ungehindert an einen anderen f\u00fcr die Datenverarbeitung Verantwortlichen zu \u00fcbermitteln;<\/li>\n<li>der Verarbeitung jederzeit und auch im Falle einer Verarbeitung zu Zwecken des Direktmarketings zu widersprechen;<\/li>\n<li>einer automatisierten Entscheidungsfindung in Bezug auf nat\u00fcrliche Personen, einschlie\u00dflich Profiling, widersprechen;<\/li>\n<li>zus\u00e4tzlich zum Recht auf Daten\u00fcbertragbarkeit von dem f\u00fcr die Verarbeitung Verantwortlichen Auskunft \u00fcber die sie betreffenden personenbezogenen Daten und deren Berichtigung oder L\u00f6schung oder die Einschr\u00e4nkung ihrer Verarbeitung zu verlangen oder Widerspruch gegen ihre Verarbeitung einzulegen;<\/li>\n<li>die Einwilligung jederzeit zu widerrufen, ohne dass die Rechtm\u00e4\u00dfigkeit der Verarbeitung aufgrund der vor dem Widerruf erteilten Einwilligung ber\u00fchrt wird.<\/li>\n<\/ul>\n<p>Der Betroffene kann sein Recht unter Angabe des Gegenstands der Anfrage, des auszu\u00fcbenden Rechts und unter Beif\u00fcgung der Fotokopie eines Ausweises, der die Legitimit\u00e4t der Anfrage bescheinigt, schriftlich bei Dribblium S.r.l., Via Giordano Bruno 15, Mailand (MI), unter folgender Adresse geltend machen: <a href=\"mailto:legal@dribblium.com\">legal@dribblium.com<\/a>.<\/p>\n<h3>VERANTWORTUNG F\u00dcR DEN DATENSCHUTZ<\/h3>\n<p>Dribblium S.r.l. misst dem Schutz der pers\u00f6nlichen Daten der Betroffenen h\u00f6chste Bedeutung bei und hat daher eine eigene E-Mail-Adresse eingerichtet: legal@dribblium.com. Daher kann Dribblium f\u00fcr alle Informationsanfragen oder Beschwerden unter legal@dribblium.com kontaktiert werden. <\/p>\n<p>Der f\u00fcr die Datenverarbeitung Verantwortliche beh\u00e4lt sich das Recht vor, \u00c4nderungen an diesem Informationsblatt vorzunehmen, die in der aktualisierten Fassung zur Verf\u00fcgung gestellt und den Betroffenen in der von Zeit zu Zeit als am zweckm\u00e4\u00dfigsten erachteten Weise mitgeteilt werden.<\/p>\n<h3>AKTUALISIERUNG DER INFORMATIONEN<\/h3>\n<p>Dribblium S.r.l. beh\u00e4lt sich das Recht vor, diese Informationen im Falle von \u00c4nderungen, Vorschriften, Organisation der erbrachten Dienstleistungen usw. zu aktualisieren. In diesem Fall wird sie die neue Version des Dokuments so weit wie m\u00f6glich verbreiten.<\/p>\n<p>&nbsp;<\/p>\n<p><em>1. Ausgabe: 20. Februar 2024<\/em><\/p>\n","protected":false},"excerpt":{"rendered":"<p>DATENSCHUTZERKL\u00c4RUNG VERARBEITUNG PERSONENBEZOGENER DATEN E-COMMERCE-WEBSITE &nbsp; Inhaber der Datenverarbeitung: DRIBBLIUM s.r.l. &#8211; Via Giordano Bruno n. 15, 20154 Milano (MI), email: legal@dribblium.com DRIBBLIUM S.r.l. ist der Inhaber der Wortmarke DRIBBLIUM,&#8230;<\/p>\n","protected":false},"author":2,"featured_media":0,"parent":0,"menu_order":33,"comment_status":"closed","ping_status":"open","template":"","meta":{"footnotes":""},"class_list":["post-12173","page","type-page","status-publish"],"_links":{"self":[{"href":"https:\/\/dribblium.com\/de\/wp-json\/wp\/v2\/pages\/12173","targetHints":{"allow":["GET"]}}],"collection":[{"href":"https:\/\/dribblium.com\/de\/wp-json\/wp\/v2\/pages"}],"about":[{"href":"https:\/\/dribblium.com\/de\/wp-json\/wp\/v2\/types\/page"}],"author":[{"embeddable":true,"href":"https:\/\/dribblium.com\/de\/wp-json\/wp\/v2\/users\/2"}],"replies":[{"embeddable":true,"href":"https:\/\/dribblium.com\/de\/wp-json\/wp\/v2\/comments?post=12173"}],"version-history":[{"count":0,"href":"https:\/\/dribblium.com\/de\/wp-json\/wp\/v2\/pages\/12173\/revisions"}],"wp:attachment":[{"href":"https:\/\/dribblium.com\/de\/wp-json\/wp\/v2\/media?parent=12173"}],"curies":[{"name":"wp","href":"https:\/\/api.w.org\/{rel}","templated":true}]}}