{"id":12185,"date":"2024-02-19T09:11:07","date_gmt":"2024-02-19T09:11:07","guid":{"rendered":"https:\/\/dribblium.com\/cookie-richtlinie\/"},"modified":"2024-02-19T09:11:07","modified_gmt":"2024-02-19T09:11:07","slug":"cookie-richtlinie","status":"publish","type":"page","link":"https:\/\/dribblium.com\/de\/cookie-richtlinie\/","title":{"rendered":"Cookie-Richtlinie"},"content":{"rendered":"<h1>Informationen \u00fcber die Verarbeitung personenbezogener Daten ex Art. 13-14 EU-VO 2016\/679<\/h1>\n<p>&nbsp;<\/p>\n<h3>Interessierte Parteien: Navigatoren des Portals www.dribblium.com.<\/h3>\n<p>Dribblium S.r.l. in seiner Eigenschaft als Verantwortlicher f\u00fcr die Verarbeitung Ihrer personenbezogenen Daten gem\u00e4\u00df und f\u00fcr die Zwecke der EU-Verordnung 2016\/679 (im Folgenden &#8222;DSGVO&#8220;) informiert Sie hiermit, dass die oben genannte Gesetzgebung den Schutz der betroffenen Personen in Bezug auf die Verarbeitung ihrer personenbezogenen Daten vorsieht und dass diese Verarbeitung auf den Grunds\u00e4tzen der Korrektheit, Rechtm\u00e4\u00dfigkeit, Transparenz und des Schutzes Ihrer Vertraulichkeit und Ihrer Rechte beruht.<\/p>\n<p>Ihre pers\u00f6nlichen Daten werden in \u00dcbereinstimmung mit den gesetzlichen Bestimmungen der vorgenannten Gesetzgebung und den darin enthaltenen Vertraulichkeitsverpflichtungen verarbeitet.<\/p>\n<p>Zwecke und Rechtsgrundlage der Verarbeitung: Ihre Daten werden insbesondere f\u00fcr die folgenden Zwecke im Zusammenhang mit der Durchf\u00fchrung von Ma\u00dfnahmen im Zusammenhang mit vertraglichen oder vorvertraglichen Verpflichtungen verwendet:<\/p>\n<ul>\n<li>Verwaltung von Cookies, die f\u00fcr das Portal notwendig sind (technische Cookies sind f\u00fcr das ordnungsgem\u00e4\u00dfe Funktionieren der Website unabdingbar und werden ausschlie\u00dflich f\u00fcr die Verwaltung verschiedener mit der Website verbundener Dienste verwendet, wie z.B. ein Login).<\/li>\n<\/ul>\n<p>Art der Verarbeitung. Ihre pers\u00f6nlichen Daten k\u00f6nnen auf die folgenden Arten verarbeitet werden: <\/p>\n<ul>\n<li>mittels elektronischer Computer unter Verwendung von Softwaresystemen, die von Dritten betrieben werden;<\/li>\n<li>mit Hilfe von elektronischen Computern, die direkt verwaltete oder programmierte Softwaresysteme verwenden.<\/li>\n<\/ul>\n<p>Die gesamte Verarbeitung erfolgt in \u00dcbereinstimmung mit den in Artikel 6 und 32 der DSGVO festgelegten Methoden und durch die Anwendung geeigneter Sicherheitsma\u00dfnahmen.<\/p>\n<p>Ihre Daten werden nur von Personen verarbeitet, die vom f\u00fcr die Verarbeitung Verantwortlichen ausdr\u00fccklich dazu erm\u00e4chtigt wurden, und insbesondere von den folgenden Kategorien von befugten Personen:<\/p>\n<ul>\n<li>interne Betreiber zur Verwaltung des Webportals.<\/li>\n<\/ul>\n<p>Kommunikation: Ihre Daten k\u00f6nnen an externe Parteien f\u00fcr die ordnungsgem\u00e4\u00dfe Verwaltung der Beziehung und insbesondere an die folgenden Kategorien von Empf\u00e4ngern, einschlie\u00dflich aller ordnungsgem\u00e4\u00df ernannten Datenverarbeiter, weitergegeben werden:<\/p>\n<ul>\n<li>Webdienstleister f\u00fcr die Verwaltung und Pflege der Plattform.<\/li>\n<\/ul>\n<p>Weitergabe: Ihre pers\u00f6nlichen Daten werden in keiner Weise weitergegeben.<\/p>\n<p>Aufbewahrungsfrist. Wir m\u00f6chten Sie dar\u00fcber informieren, dass die Aufbewahrungsfrist f\u00fcr Ihre personenbezogenen Daten gem\u00e4\u00df den Grunds\u00e4tzen der Rechtm\u00e4\u00dfigkeit, der Zweckbindung und der Datenminimierung gem\u00e4\u00df Artikel 5 der DSGVO betr\u00e4gt:  <\/p>\n<ul>\n<li>Sitzung: PHP.net.<\/li>\n<\/ul>\n<p>Verwaltung von Cookies: Wenn Sie Zweifel oder Bedenken bez\u00fcglich der Verwendung von Cookies haben, k\u00f6nnen Sie jederzeit Ma\u00dfnahmen ergreifen, um zu verhindern, dass diese gesetzt und gelesen werden, indem Sie beispielsweise die Datenschutzeinstellungen Ihres Browsers \u00e4ndern, um bestimmte Arten von Cookies zu blockieren.<\/p>\n<p>Da sich die einzelnen Browser &#8211; und oft auch verschiedene Versionen desselben Browsers &#8211; erheblich voneinander unterscheiden, finden Sie, wenn Sie es vorziehen, \u00fcber die Einstellungen Ihres Browsers selbst\u00e4ndig zu handeln, in der Hilfe Ihres Browsers ausf\u00fchrliche Informationen \u00fcber das notwendige Vorgehen. Eine \u00dcbersicht \u00fcber die Vorgehensweise bei den g\u00e4ngigsten Browsern finden Sie unter www.cookiepedia.co.uk. <\/p>\n<p>Werbeunternehmen bieten Ihnen auch die M\u00f6glichkeit, den Erhalt gezielter Werbung abzulehnen, wenn Sie dies w\u00fcnschen. Dadurch wird das Setzen von Cookies nicht verhindert, aber die Verwendung und Sammlung bestimmter Daten durch diese Unternehmen wird unterbunden. <\/p>\n<p>F\u00fcr weitere Informationen und Opt-outs besuchen Sie bitte www.youronlinechoices.eu\/.<\/p>\n<p>Verantwortlicher f\u00fcr die Datenverarbeitung: Der Verantwortliche f\u00fcr die Datenverarbeitung im Sinne des Gesetzes ist Dribblium S.r.l. (via Giordano Bruno 15, 20154, Mailand (MI), USt.-Nr. 13213410965).<\/p>\n<p>Sie haben das Recht, von dem f\u00fcr die Datenverarbeitung Verantwortlichen die L\u00f6schung (Recht auf Vergessenwerden), die Einschr\u00e4nkung, Aktualisierung, Berichtigung, \u00dcbertragbarkeit und den Widerspruch gegen die Verarbeitung der Sie betreffenden personenbezogenen Daten zu verlangen, sowie generell alle Rechte auszu\u00fcben, die in den Artikeln 15, 16, 17, 18, 19, 20, 21 und 22 des DSGV vorgesehen sind.<\/p>\n<h3>EU-Verordnung 2016\/679: Art. 15, 16, 17, 18, 19, 20, 21, 22 &#8211; Rechte der betroffenen Person<\/h3>\n<p>1. Die betroffene Person hat das Recht, eine Best\u00e4tigung dar\u00fcber zu erhalten, ob sie betreffende personenbezogene Daten existieren oder nicht, auch wenn diese noch nicht gespeichert sind, sowie deren Mitteilung in verst\u00e4ndlicher Form und die M\u00f6glichkeit, bei der Aufsichtsbeh\u00f6rde eine Beschwerde einzureichen.<\/p>\n<p style=\"padding-left: 40px;\">2. Die betroffene Person hat das Recht, informiert zu werden:<\/p>\n<p style=\"padding-left: 40px;\">a. die Herkunft der pers\u00f6nlichen Daten; <\/p>\n<p style=\"padding-left: 40px;\">b. die Zwecke und Methoden der Verarbeitung; <\/p>\n<p style=\"padding-left: 40px;\">c. die angewandte Logik im Falle einer Verarbeitung mit Hilfe elektronischer Instrumente; <\/p>\n<p style=\"padding-left: 40px;\">d. die Angaben zur Identifizierung des Inhabers, der verantwortlichen Personen und des gem\u00e4\u00df Artikel 5 Absatz 2 benannten Vertreters;<\/p>\n<p style=\"padding-left: 40px;\">e. die Einrichtungen oder Kategorien von Einrichtungen, denen die personenbezogenen Daten mitgeteilt werden k\u00f6nnen oder die in ihrer Eigenschaft als benannte(r) Vertreter im Hoheitsgebiet des Staates, als Datenverarbeiter oder als Verantwortliche(r) f\u00fcr die Verarbeitung davon Kenntnis erhalten k\u00f6nnen. <\/p>\n<p>3. Die betroffene Person hat das Recht auf Auskunft:<\/p>\n<p style=\"padding-left: 40px;\">a. Aktualisierung, Berichtigung oder, falls gew\u00fcnscht, Erg\u00e4nzung der Daten; <\/p>\n<p style=\"padding-left: 40px;\">b. die L\u00f6schung, Umwandlung in anonyme Form oder Sperrung von Daten, die unrechtm\u00e4\u00dfig verarbeitet wurden, einschlie\u00dflich Daten, deren Aufbewahrung f\u00fcr die Zwecke, f\u00fcr die sie erhoben oder sp\u00e4ter verarbeitet wurden, nicht erforderlich ist;<br \/>\nc. eine Bescheinigung dar\u00fcber, dass die unter den Buchstaben a) und b) genannten Vorg\u00e4nge, auch was ihren Inhalt betrifft, denjenigen mitgeteilt wurden, denen die Daten \u00fcbermittelt oder bei denen sie verbreitet wurden, sofern sich dies nicht als unm\u00f6glich erweist oder der Aufwand an Mitteln im Verh\u00e4ltnis zum gesch\u00fctzten Recht unvertretbar gro\u00df w\u00e4re;<br \/>\nd. die Daten\u00fcbertragbarkeit.    <\/p>\n<p>4. Die betroffene Person hat das Recht, ganz oder teilweise Widerspruch einzulegen:<\/p>\n<p style=\"padding-left: 40px;\">a. aus legitimen Gr\u00fcnden der Verarbeitung der ihn betreffenden personenbezogenen Daten zustimmen, auch wenn diese dem Zweck der Erhebung entsprechen; <\/p>\n<p style=\"padding-left: 40px;\">b. die Verarbeitung sie betreffender personenbezogener Daten zum Zwecke der Zusendung von Werbung oder Direktverkaufsmaterial oder zur Durchf\u00fchrung von Marktforschung oder kommerzieller Kommunikation. <\/p>\n","protected":false},"excerpt":{"rendered":"<p>Informationen \u00fcber die Verarbeitung personenbezogener Daten ex Art. 13-14 EU-VO 2016\/679 &nbsp; Interessierte Parteien: Navigatoren des Portals www.dribblium.com. Dribblium S.r.l. in seiner Eigenschaft als Verantwortlicher f\u00fcr die Verarbeitung Ihrer personenbezogenen&#8230;<\/p>\n","protected":false},"author":2,"featured_media":0,"parent":0,"menu_order":50,"comment_status":"closed","ping_status":"closed","template":"","meta":{"footnotes":""},"class_list":["post-12185","page","type-page","status-publish"],"_links":{"self":[{"href":"https:\/\/dribblium.com\/de\/wp-json\/wp\/v2\/pages\/12185","targetHints":{"allow":["GET"]}}],"collection":[{"href":"https:\/\/dribblium.com\/de\/wp-json\/wp\/v2\/pages"}],"about":[{"href":"https:\/\/dribblium.com\/de\/wp-json\/wp\/v2\/types\/page"}],"author":[{"embeddable":true,"href":"https:\/\/dribblium.com\/de\/wp-json\/wp\/v2\/users\/2"}],"replies":[{"embeddable":true,"href":"https:\/\/dribblium.com\/de\/wp-json\/wp\/v2\/comments?post=12185"}],"version-history":[{"count":0,"href":"https:\/\/dribblium.com\/de\/wp-json\/wp\/v2\/pages\/12185\/revisions"}],"wp:attachment":[{"href":"https:\/\/dribblium.com\/de\/wp-json\/wp\/v2\/media?parent=12185"}],"curies":[{"name":"wp","href":"https:\/\/api.w.org\/{rel}","templated":true}]}}