{"id":12215,"date":"2024-02-14T10:38:16","date_gmt":"2024-02-14T10:38:16","guid":{"rendered":"https:\/\/dribblium.com\/technisches-dossier\/"},"modified":"2025-12-11T15:09:26","modified_gmt":"2025-12-11T15:09:26","slug":"technisches-dossier","status":"publish","type":"page","link":"https:\/\/dribblium.com\/de\/technisches-dossier\/","title":{"rendered":"Technisches Dossier"},"content":{"rendered":"[vc_row type=&#8220;full_width_content&#8220; full_screen_row_position=&#8220;middle&#8220; column_margin=&#8220;default&#8220; equal_height=&#8220;yes&#8220; column_direction=&#8220;default&#8220; column_direction_tablet=&#8220;default&#8220; column_direction_phone=&#8220;default&#8220; bg_color=&#8220;#000428&#8243; mouse_based_parallax_bg=&#8220;true&#8220; scene_position=&#8220;center&#8220; text_color=&#8220;light&#8220; text_align=&#8220;left&#8220; row_border_radius=&#8220;none&#8220; row_border_radius_applies=&#8220;bg&#8220; overflow=&#8220;visible&#8220; advanced_gradient=&#8220;linear-gradient(45deg, rgb(0,2,23) 18%, rgb(0,67,149) 49%, rgb(0,2,23) 83%)&#8220; advanced_gradient_angle=&#8220;45&#8243; shape_divider_position=&#8220;bottom&#8220; bg_image_animation=&#8220;none&#8220; parallax_bg=&#8220;true&#8220; parallax_bg_speed=&#8220;fast&#8220; shape_type=&#8220;&#8220; gradient_type=&#8220;advanced&#8220; advanced_gradient_display_type=&#8220;linear&#8220;][vc_column column_padding=&#8220;no-extra-padding&#8220; column_padding_tablet=&#8220;inherit&#8220; column_padding_phone=&#8220;inherit&#8220; column_padding_position=&#8220;all&#8220; column_element_direction_desktop=&#8220;default&#8220; column_element_spacing=&#8220;default&#8220; centered_text=&#8220;true&#8220; desktop_text_alignment=&#8220;default&#8220; tablet_text_alignment=&#8220;default&#8220; phone_text_alignment=&#8220;default&#8220; sticky_content=&#8220;true&#8220; sticky_content_functionality=&#8220;js&#8220; background_color_opacity=&#8220;0.6&#8243; background_hover_color_opacity=&#8220;1&#8243; video_bg=&#8220;use_video&#8220; background_video_loading=&#8220;default&#8220; column_backdrop_filter=&#8220;none&#8220; column_shadow=&#8220;none&#8220; column_border_radius=&#8220;none&#8220; column_link_target=&#8220;_self&#8220; column_position=&#8220;default&#8220; gradient_direction=&#8220;left_to_right&#8220; overlay_strength=&#8220;0.3&#8243; width=&#8220;1\/1&#8243; tablet_width_inherit=&#8220;default&#8220; animation_type=&#8220;default&#8220; bg_image_animation=&#8220;none&#8220; border_type=&#8220;simple&#8220; column_border_width=&#8220;none&#8220; column_border_style=&#8220;solid&#8220; column_padding_type=&#8220;default&#8220; gradient_type=&#8220;default&#8220;][vc_row_inner column_margin=&#8220;default&#8220; column_direction=&#8220;default&#8220; column_direction_tablet=&#8220;default&#8220; column_direction_phone=&#8220;default&#8220; text_align=&#8220;left&#8220; row_position=&#8220;default&#8220; row_position_tablet=&#8220;inherit&#8220; row_position_phone=&#8220;inherit&#8220; overflow=&#8220;visible&#8220; pointer_events=&#8220;all&#8220;][vc_column_inner column_padding=&#8220;padding-8-percent&#8220; column_padding_tablet=&#8220;inherit&#8220; column_padding_phone=&#8220;inherit&#8220; column_padding_position=&#8220;all&#8220; column_element_direction_desktop=&#8220;default&#8220; column_element_spacing=&#8220;default&#8220; desktop_text_alignment=&#8220;default&#8220; tablet_text_alignment=&#8220;default&#8220; phone_text_alignment=&#8220;default&#8220; background_color=&#8220;#000217&#8243; background_color_opacity=&#8220;0.6&#8243; background_hover_color_opacity=&#8220;1&#8243; video_bg=&#8220;use_video&#8220; video_mp4=&#8220;https:\/\/dribblium.com\/wp-content\/uploads\/2024\/01\/lv_0_20240110212150.mp4&#8243; background_video_loading=&#8220;default&#8220; column_backdrop_filter=&#8220;none&#8220; column_shadow=&#8220;none&#8220; column_border_radius=&#8220;none&#8220; column_link_target=&#8220;_self&#8220; overflow=&#8220;visible&#8220; gradient_direction=&#8220;left_to_right&#8220; overlay_strength=&#8220;0.3&#8243; width=&#8220;1\/1&#8243; tablet_width_inherit=&#8220;default&#8220; animation_type=&#8220;default&#8220; bg_image_animation=&#8220;none&#8220; border_type=&#8220;simple&#8220; column_border_width=&#8220;none&#8220; column_border_style=&#8220;solid&#8220; column_padding_type=&#8220;default&#8220; gradient_type=&#8220;default&#8220;][vc_custom_heading text=&#8220;Produktmerkmale&#8220; font_container=&#8220;tag:h1|font_size:50|text_align:center|line_height:1&#8243; use_theme_fonts=&#8220;yes&#8220;][\/vc_column_inner][\/vc_row_inner][vc_row_inner equal_height=&#8220;yes&#8220; column_margin=&#8220;default&#8220; column_direction=&#8220;default&#8220; column_direction_tablet=&#8220;default&#8220; column_direction_phone=&#8220;default&#8220; text_align=&#8220;left&#8220; row_position=&#8220;default&#8220; row_position_tablet=&#8220;inherit&#8220; row_position_phone=&#8220;inherit&#8220; overflow=&#8220;visible&#8220; pointer_events=&#8220;all&#8220;][vc_column_inner top_padding_desktop=&#8220;5%&#8220; constrain_group_100=&#8220;yes&#8220; bottom_padding_desktop=&#8220;5%&#8220; left_padding_desktop=&#8220;8%&#8220; constrain_group_101=&#8220;yes&#8220; right_padding_desktop=&#8220;8%&#8220; column_element_direction_desktop=&#8220;default&#8220; column_element_spacing=&#8220;default&#8220; desktop_text_alignment=&#8220;left&#8220; tablet_text_alignment=&#8220;default&#8220; phone_text_alignment=&#8220;default&#8220; background_color_opacity=&#8220;1&#8243; background_hover_color_opacity=&#8220;1&#8243; column_backdrop_filter=&#8220;none&#8220; column_shadow=&#8220;none&#8220; column_border_radius=&#8220;none&#8220; column_link_target=&#8220;_self&#8220; overflow=&#8220;visible&#8220; gradient_direction=&#8220;left_to_right&#8220; overlay_strength=&#8220;0.3&#8243; width=&#8220;1\/1&#8243; tablet_width_inherit=&#8220;default&#8220; animation_type=&#8220;default&#8220; bg_image_animation=&#8220;none&#8220; border_type=&#8220;simple&#8220; column_border_width=&#8220;none&#8220; column_border_style=&#8220;solid&#8220; column_padding_type=&#8220;advanced&#8220; gradient_type=&#8220;default&#8220;][vc_custom_heading text=&#8220;Technische Datei&#8220; font_container=&#8220;tag:h1|font_size:34|text_align:left|color:%2302ff66|line_height:1&#8243; use_theme_fonts=&#8220;yes&#8220; css_animation=&#8220;fadeInUp&#8220;][divider line_type=&#8220;No Line&#8220; custom_height=&#8220;30&#8243;][vc_column_text css_animation=&#8220;fadeInUp&#8220; css=&#8220;&#8220; text_direction=&#8220;default&#8220;]\n<p style=\"text-align: left;\"><strong>1 &#8211; Handelsname<\/strong>: DRIBBLIUM<\/p>\n<p style=\"text-align: left;\"><strong>2 &#8211; Produktbeschreibung<\/strong>: Bestehend aus einem Trainingskit<\/p>\n<p style=\"padding-left: 40px; text-align: left;\"><strong>2.1 Trainingskarte<\/strong><br \/>\nDie Trainingskarte wurde entwickelt, um das Erlernen von technischen Bewegungen einfacher und schneller zu machen. Mit Hilfe der Pfeile und Zahlen auf der Matte k\u00f6nnen Sie einzelne Technikbewegungen leichter und schneller erlernen. <\/p>\n<p style=\"padding-left: 40px; text-align: left;\"><strong>2.2 Web App<\/strong><br \/>\nDie Lektionen werden \u00fcber Video-Tutorials in der Dribblium Web App vermittelt und beschreiben die Bewegungen, die auf der Trainingskarte auszuf\u00fchren sind. Jedes Training schaltet ein anderes frei, so dass Sie von einer Technik zur n\u00e4chsten gelangen, mit dem Ziel, dass Sie die technischen F\u00e4higkeiten beherrschen, um den Ball maximal zu kontrollieren. <\/p>\n<p style=\"text-align: left;\"><strong>3 &#8211; Risikoanalyse des Produkts Trainingskarte (Matte):<\/strong><\/p>\n<ul style=\"text-align: left;\">\n<li>Mechanisches Risiko<\/li>\n<li>Risiko des Einklemmens: gering<\/li>\n<li>Erstickung, Aspiration oder Verschlucken: gering<\/li>\n<li>Einstiche oder Risswunden: gering<\/li>\n<li>Chemisches Risiko: gering<\/li>\n<li>Risiko von Hitze und Flammen: gering<\/li>\n<\/ul>\n<p style=\"text-align: left;\"><strong>4 &#8211; Gebrauchsanweisung, die so komplex und umfangreich ist, dass das Produkt ohne Risiko oder mit minimalem Risiko verwendet werden kann:<\/strong><\/p>\n<ul>\n<li style=\"text-align: left;\">Legen Sie den Teppich auf eine glatte, saubere Oberfl\u00e4che ohne offensichtliche Unebenheiten.<\/li>\n<li style=\"text-align: left;\">Lassen Sie am Rand der Matte selbst ausreichend Platz, um die \u00dcbungen durchf\u00fchren zu k\u00f6nnen.<\/li>\n<li style=\"text-align: left;\">Stellen Sie sicher, dass die rutschfeste Oberfl\u00e4che fest mit dem darunter liegenden Belag verbunden ist.<\/li>\n<li style=\"text-align: left;\">T\u00e4gliches Staubsaugen der Matte sorgt daf\u00fcr, dass der Stoff l\u00e4nger wie neu ist. Je sauberer die Matte ist, desto effizienter ist sie. <\/li>\n<li style=\"text-align: left;\">Hartn\u00e4ckige Flecken k\u00f6nnen mit nicht-aggressiven Produkten eingeseift und mit sauberem, lauwarmem Wasser abgesp\u00fclt werden.<\/li>\n<li style=\"text-align: left;\">Trocknen Sie es flach und nicht in der Sonne.<\/li>\n<li style=\"text-align: left;\">Es kann in der Maschine im Schonwaschgang gewaschen werden (niedrige Umdrehungszahl und Temperatur von nicht mehr als 30\u00b0C), ohne dass es geschleudert wird.<\/li>\n<li style=\"text-align: left;\">Verwenden Sie keine Bleichmittel oder aggressiven Produkte.<\/li>\n<li style=\"text-align: left;\">Nicht in den Trockner geben.<\/li>\n<li style=\"text-align: left;\">Bei Temperaturen zwischen 5 und 40\u00b0C lagern<\/li>\n<\/ul>\n<p style=\"text-align: left;\"><strong>5 &#8211; Etikett und Hauptmerkmale des<\/strong> Produkts: stehen auf dem Produkt selbst.<\/p>\n<p style=\"text-align: left;\"><strong>6 &#8211; Informationen zu Komponenten und Rohstoffen:<\/strong><\/p>\n<ul style=\"text-align: left;\">\n<li>100% Polyamid<\/li>\n<li>AZO Frei<\/li>\n<li>Cfl-s1 feuerfest<\/li>\n<li>100% PVC-frei<\/li>\n<li>100% phthalatfrei<\/li>\n<li>Oeko-Tex\u00ae Zertifizierung<\/li>\n<\/ul>\n<p style=\"text-align: left;\"><strong>7 &#8211; Technische Dokumente und m\u00f6gliche Tests:<\/strong><\/p>\n<ul style=\"text-align: left;\">\n<li>EN ISO 9239-1<\/li>\n<li>EN ISO 13501-1<\/li>\n<li>EN 1307: 2014<\/li>\n<\/ul>\n<p style=\"text-align: left;\"><strong>8 &#8211; Angabe der technischen Normen, denen das Produkt nachweislich entspricht<\/strong>:<\/p>\n<ul style=\"text-align: left;\">\n<li>Richtlinie 2001\/95\/EG<\/li>\n<li>EU-Verordnung 1007\/2011 in der ge\u00e4nderten Fassung.<\/li>\n<li>Gesetz Nr. 883\/73<\/li>\n<li>PR\u00c4SIDIALDEKRET 515\/76<\/li>\n<li>Gesetzesdekret Nr. 194\/99<\/li>\n<li>D. Gesetzesdekret 6\/9\/2005 Nr. 206 Verbraucherkodex  <\/li>\n<li>Gesetzesdekret. 133\/2009<\/li>\n<li>Verordnung (EG) Nr. 1907\/2006 (Reach) in der ge\u00e4nderten Fassung. <\/li>\n<li>EG-Verordnung Nr.  765\/2008<\/li>\n<\/ul>\n<p style=\"text-align: left;\"><strong>9 &#8211; Liste der Teile<\/strong>:<\/p>\n<ul style=\"text-align: left;\">\n<li>Teppichgr\u00f6\u00dfe ca. 90x150cm aus 100% Polyamid<\/li>\n<li>Spezielle Software f\u00fcr die Entwicklung abgestimmter \u00dcbungen<\/li>\n<\/ul>\n<p>&nbsp;<\/p>\n<p style=\"text-align: left;\"><em>Revision Nr. 1 vom Februar 2024<\/em><\/p>\n[\/vc_column_text][divider line_type=&#8220;No Line&#8220; custom_height=&#8220;1&#8243;][\/vc_column_inner][\/vc_row_inner][\/vc_column][\/vc_row][vc_row type=&#8220;full_width_content&#8220; full_screen_row_position=&#8220;middle&#8220; column_margin=&#8220;default&#8220; equal_height=&#8220;yes&#8220; column_direction=&#8220;default&#8220; column_direction_tablet=&#8220;default&#8220; column_direction_phone=&#8220;default&#8220; bg_color=&#8220;#000428&#8243; mouse_based_parallax_bg=&#8220;true&#8220; scene_position=&#8220;center&#8220; text_color=&#8220;light&#8220; text_align=&#8220;left&#8220; row_border_radius=&#8220;none&#8220; row_border_radius_applies=&#8220;bg&#8220; overflow=&#8220;visible&#8220; advanced_gradient=&#8220;linear-gradient(45deg, rgb(0,2,23) 18%, rgb(0,67,149) 49%, rgb(0,2,23) 83%)&#8220; advanced_gradient_angle=&#8220;45&#8243; shape_divider_position=&#8220;bottom&#8220; bg_image_animation=&#8220;none&#8220; parallax_bg=&#8220;true&#8220; parallax_bg_speed=&#8220;fast&#8220; shape_type=&#8220;&#8220; gradient_type=&#8220;advanced&#8220; advanced_gradient_display_type=&#8220;linear&#8220;][vc_column column_padding=&#8220;no-extra-padding&#8220; column_padding_tablet=&#8220;inherit&#8220; column_padding_phone=&#8220;inherit&#8220; column_padding_position=&#8220;all&#8220; column_element_direction_desktop=&#8220;default&#8220; column_element_spacing=&#8220;default&#8220; centered_text=&#8220;true&#8220; desktop_text_alignment=&#8220;default&#8220; tablet_text_alignment=&#8220;default&#8220; phone_text_alignment=&#8220;default&#8220; sticky_content=&#8220;true&#8220; sticky_content_functionality=&#8220;js&#8220; background_color_opacity=&#8220;0.6&#8243; background_hover_color_opacity=&#8220;1&#8243; video_bg=&#8220;use_video&#8220; background_video_loading=&#8220;default&#8220; column_backdrop_filter=&#8220;none&#8220; column_shadow=&#8220;none&#8220; column_border_radius=&#8220;none&#8220; column_link_target=&#8220;_self&#8220; column_position=&#8220;default&#8220; gradient_direction=&#8220;left_to_right&#8220; overlay_strength=&#8220;0.3&#8243; width=&#8220;1\/1&#8243; tablet_width_inherit=&#8220;default&#8220; animation_type=&#8220;default&#8220; bg_image_animation=&#8220;none&#8220; border_type=&#8220;simple&#8220; column_border_width=&#8220;none&#8220; column_border_style=&#8220;solid&#8220; column_padding_type=&#8220;default&#8220; gradient_type=&#8220;default&#8220;][\/vc_column][\/vc_row]\n","protected":false},"excerpt":{"rendered":"<p>[vc_row type=&#8220;full_width_content&#8220; full_screen_row_position=&#8220;middle&#8220; column_margin=&#8220;default&#8220; equal_height=&#8220;yes&#8220; column_direction=&#8220;default&#8220; column_direction_tablet=&#8220;default&#8220; column_direction_phone=&#8220;default&#8220; bg_color=&#8220;#000428&#8243; mouse_based_parallax_bg=&#8220;true&#8220; scene_position=&#8220;center&#8220; text_color=&#8220;light&#8220; text_align=&#8220;left&#8220; row_border_radius=&#8220;none&#8220; row_border_radius_applies=&#8220;bg&#8220; overflow=&#8220;visible&#8220; advanced_gradient=&#8220;linear-gradient(45deg, rgb(0,2,23) 18%, rgb(0,67,149) 49%, rgb(0,2,23) 83%)&#8220; advanced_gradient_angle=&#8220;45&#8243; shape_divider_position=&#8220;bottom&#8220; bg_image_animation=&#8220;none&#8220; parallax_bg=&#8220;true&#8220; parallax_bg_speed=&#8220;fast&#8220; shape_type=&#8220;&#8220; gradient_type=&#8220;advanced&#8220;&#8230;<\/p>\n","protected":false},"author":2,"featured_media":0,"parent":0,"menu_order":20,"comment_status":"closed","ping_status":"closed","template":"","meta":{"footnotes":""},"class_list":["post-12215","page","type-page","status-publish"],"_links":{"self":[{"href":"https:\/\/dribblium.com\/de\/wp-json\/wp\/v2\/pages\/12215","targetHints":{"allow":["GET"]}}],"collection":[{"href":"https:\/\/dribblium.com\/de\/wp-json\/wp\/v2\/pages"}],"about":[{"href":"https:\/\/dribblium.com\/de\/wp-json\/wp\/v2\/types\/page"}],"author":[{"embeddable":true,"href":"https:\/\/dribblium.com\/de\/wp-json\/wp\/v2\/users\/2"}],"replies":[{"embeddable":true,"href":"https:\/\/dribblium.com\/de\/wp-json\/wp\/v2\/comments?post=12215"}],"version-history":[{"count":10,"href":"https:\/\/dribblium.com\/de\/wp-json\/wp\/v2\/pages\/12215\/revisions"}],"predecessor-version":[{"id":12256,"href":"https:\/\/dribblium.com\/de\/wp-json\/wp\/v2\/pages\/12215\/revisions\/12256"}],"wp:attachment":[{"href":"https:\/\/dribblium.com\/de\/wp-json\/wp\/v2\/media?parent=12215"}],"curies":[{"name":"wp","href":"https:\/\/api.w.org\/{rel}","templated":true}]}}