{"id":12227,"date":"2024-02-01T08:40:59","date_gmt":"2024-02-01T08:40:59","guid":{"rendered":"https:\/\/dribblium.com\/faq\/"},"modified":"2025-12-11T15:09:26","modified_gmt":"2025-12-11T15:09:26","slug":"faq","status":"publish","type":"page","link":"https:\/\/dribblium.com\/de\/faq\/","title":{"rendered":"FAQ"},"content":{"rendered":"[vc_row type=&#8220;full_width_content&#8220; full_screen_row_position=&#8220;middle&#8220; column_margin=&#8220;default&#8220; equal_height=&#8220;yes&#8220; column_direction=&#8220;default&#8220; column_direction_tablet=&#8220;default&#8220; column_direction_phone=&#8220;default&#8220; bg_color=&#8220;#000428&#8243; mouse_based_parallax_bg=&#8220;true&#8220; scene_position=&#8220;center&#8220; text_color=&#8220;light&#8220; text_align=&#8220;left&#8220; row_border_radius=&#8220;none&#8220; row_border_radius_applies=&#8220;bg&#8220; overflow=&#8220;visible&#8220; advanced_gradient=&#8220;linear-gradient(45deg, rgb(0,2,23) 18%, rgb(0,67,149) 49%, rgb(0,2,23) 83%)&#8220; advanced_gradient_angle=&#8220;45&#8243; shape_divider_position=&#8220;bottom&#8220; bg_image_animation=&#8220;none&#8220; parallax_bg=&#8220;true&#8220; parallax_bg_speed=&#8220;fast&#8220; shape_type=&#8220;&#8220; gradient_type=&#8220;advanced&#8220; advanced_gradient_display_type=&#8220;linear&#8220;][vc_column column_padding=&#8220;no-extra-padding&#8220; column_padding_tablet=&#8220;inherit&#8220; column_padding_phone=&#8220;inherit&#8220; column_padding_position=&#8220;left-right&#8220; column_element_direction_desktop=&#8220;default&#8220; column_element_spacing=&#8220;default&#8220; centered_text=&#8220;true&#8220; desktop_text_alignment=&#8220;default&#8220; tablet_text_alignment=&#8220;default&#8220; phone_text_alignment=&#8220;default&#8220; sticky_content=&#8220;true&#8220; sticky_content_functionality=&#8220;js&#8220; background_color_opacity=&#8220;0.6&#8243; background_hover_color_opacity=&#8220;1&#8243; video_bg=&#8220;use_video&#8220; background_video_loading=&#8220;default&#8220; column_backdrop_filter=&#8220;none&#8220; column_shadow=&#8220;none&#8220; column_border_radius=&#8220;none&#8220; column_link_target=&#8220;_self&#8220; column_position=&#8220;default&#8220; gradient_direction=&#8220;left_to_right&#8220; overlay_strength=&#8220;0.3&#8243; width=&#8220;1\/1&#8243; tablet_width_inherit=&#8220;default&#8220; animation_type=&#8220;default&#8220; bg_image_animation=&#8220;none&#8220; border_type=&#8220;simple&#8220; column_border_width=&#8220;none&#8220; column_border_style=&#8220;solid&#8220; column_padding_type=&#8220;default&#8220; gradient_type=&#8220;default&#8220;][vc_row_inner column_margin=&#8220;default&#8220; column_direction=&#8220;default&#8220; column_direction_tablet=&#8220;default&#8220; column_direction_phone=&#8220;default&#8220; text_align=&#8220;left&#8220; row_position=&#8220;default&#8220; row_position_tablet=&#8220;inherit&#8220; row_position_phone=&#8220;inherit&#8220; overflow=&#8220;visible&#8220; pointer_events=&#8220;all&#8220;][vc_column_inner column_padding=&#8220;padding-8-percent&#8220; column_padding_tablet=&#8220;inherit&#8220; column_padding_phone=&#8220;inherit&#8220; column_padding_position=&#8220;all&#8220; column_element_direction_desktop=&#8220;default&#8220; column_element_spacing=&#8220;default&#8220; desktop_text_alignment=&#8220;default&#8220; tablet_text_alignment=&#8220;default&#8220; phone_text_alignment=&#8220;default&#8220; background_color=&#8220;#000217&#8243; background_color_opacity=&#8220;0.6&#8243; background_hover_color_opacity=&#8220;1&#8243; video_bg=&#8220;use_video&#8220; video_mp4=&#8220;https:\/\/dribblium.com\/wp-content\/uploads\/2024\/01\/lv_0_20240110212150.mp4&#8243; background_video_loading=&#8220;default&#8220; column_backdrop_filter=&#8220;none&#8220; column_shadow=&#8220;none&#8220; column_border_radius=&#8220;none&#8220; column_link_target=&#8220;_self&#8220; overflow=&#8220;visible&#8220; gradient_direction=&#8220;left_to_right&#8220; overlay_strength=&#8220;0.3&#8243; width=&#8220;1\/1&#8243; tablet_width_inherit=&#8220;default&#8220; animation_type=&#8220;default&#8220; bg_image_animation=&#8220;none&#8220; border_type=&#8220;simple&#8220; column_border_width=&#8220;none&#8220; column_border_style=&#8220;solid&#8220; column_padding_type=&#8220;default&#8220; gradient_type=&#8220;default&#8220;][vc_custom_heading text=&#8220;FAQ&#8220; font_container=&#8220;tag:h1|font_size:50|text_align:center|line_height:1&#8243; use_theme_fonts=&#8220;yes&#8220;][divider line_type=&#8220;No Line&#8220; custom_height=&#8220;5&#8243;][vc_custom_heading text=&#8220;H\u00e4ufig gestellte Fragen&#8220; font_container=&#8220;tag:p|font_size:26|text_align:center|line_height:1.1&#8243; use_theme_fonts=&#8220;yes&#8220;][\/vc_column_inner][\/vc_row_inner][\/vc_column][\/vc_row][vc_row type=&#8220;full_width_content&#8220; full_screen_row_position=&#8220;middle&#8220; column_margin=&#8220;default&#8220; equal_height=&#8220;yes&#8220; column_direction=&#8220;default&#8220; column_direction_tablet=&#8220;default&#8220; column_direction_phone=&#8220;default&#8220; bg_color=&#8220;#000428&#8243; mouse_based_parallax_bg=&#8220;true&#8220; scene_position=&#8220;center&#8220; text_color=&#8220;light&#8220; text_align=&#8220;left&#8220; row_border_radius=&#8220;none&#8220; row_border_radius_applies=&#8220;bg&#8220; overflow=&#8220;visible&#8220; advanced_gradient=&#8220;linear-gradient(45deg, rgb(0,2,23) 18%, rgb(0,67,149) 49%, rgb(0,2,23) 83%)&#8220; advanced_gradient_angle=&#8220;45&#8243; shape_divider_position=&#8220;bottom&#8220; bg_image_animation=&#8220;none&#8220; parallax_bg=&#8220;true&#8220; parallax_bg_speed=&#8220;fast&#8220; shape_type=&#8220;&#8220; gradient_type=&#8220;advanced&#8220; advanced_gradient_display_type=&#8220;linear&#8220;][vc_column column_padding=&#8220;padding-10-percent&#8220; column_padding_tablet=&#8220;inherit&#8220; column_padding_phone=&#8220;inherit&#8220; column_padding_position=&#8220;left-right&#8220; column_element_direction_desktop=&#8220;default&#8220; column_element_spacing=&#8220;default&#8220; centered_text=&#8220;true&#8220; desktop_text_alignment=&#8220;left&#8220; tablet_text_alignment=&#8220;default&#8220; phone_text_alignment=&#8220;default&#8220; sticky_content=&#8220;true&#8220; sticky_content_functionality=&#8220;js&#8220; background_color_opacity=&#8220;0.6&#8243; background_hover_color_opacity=&#8220;1&#8243; video_bg=&#8220;use_video&#8220; background_video_loading=&#8220;default&#8220; column_backdrop_filter=&#8220;none&#8220; column_shadow=&#8220;none&#8220; column_border_radius=&#8220;none&#8220; column_link_target=&#8220;_self&#8220; column_position=&#8220;default&#8220; gradient_direction=&#8220;left_to_right&#8220; overlay_strength=&#8220;0.3&#8243; width=&#8220;1\/1&#8243; tablet_width_inherit=&#8220;default&#8220; animation_type=&#8220;default&#8220; bg_image_animation=&#8220;none&#8220; border_type=&#8220;simple&#8220; column_border_width=&#8220;none&#8220; column_border_style=&#8220;solid&#8220; column_padding_type=&#8220;default&#8220; gradient_type=&#8220;default&#8220;][toggles style=&#8220;minimal_shadow&#8220; accordion=&#8220;true&#8220; accordion_starting_functionality=&#8220;default&#8220; border_radius=&#8220;none&#8220;][toggle color=&#8220;Accent-Color&#8220; heading_tag=&#8220;h3&#8243; heading_tag_functionality=&#8220;default&#8220; title=&#8220;Wie kann ich das Produkt verwenden?&#8220;][vc_column_text text_direction=&#8220;default&#8220;]- Kaufen Sie die Training Map online<br \/>\n&#8211; Greifen Sie auf die Web-App zu<br \/>\n&#8211; Registrieren Sie sich, indem Sie den einmaligen Code eingeben, den Sie per E-Mail erhalten<br \/>\n&#8211; Sehen Sie sich die Video-Tutorials an und starten Sie die Trainingseinheiten[\/vc_column_text][\/toggle][toggle color=&#8220;Accent-Color&#8220; heading_tag=&#8220;h3&#8243; heading_tag_functionality=&#8220;default&#8220; title=&#8220;Muss f\u00fcr einen Minderj\u00e4hrigen die Genehmigung eines Elternteils oder Vormunds eingeholt werden?&#8220;][vc_column_text text_direction=&#8220;default&#8220;]\n<p style=\"text-align: left;\">Ja, um Dribblium nutzen zu k\u00f6nnen, muss ein Elternteil oder Erziehungsberechtigter seine Daten registrieren, damit der junge Sportler am Training und den Herausforderungen teilnehmen kann.<\/p>\n[\/vc_column_text][\/toggle][toggle color=&#8220;Accent-Color&#8220; heading_tag=&#8220;h3&#8243; heading_tag_functionality=&#8220;default&#8220; title=&#8220;Ist es ein Online-Schulungsprogramm?&#8220;][vc_column_text text_direction=&#8220;default&#8220;]\n<p style=\"text-align: left;\">Ja, alle unsere Schulungen sind digital und Sie k\u00f6nnen rund um die Uhr darauf zugreifen,<br \/>\nmit jedem Smartphone\/Laptop\/Desktop\/Tablet.<\/p>\n[\/vc_column_text][\/toggle][toggle color=&#8220;Accent-Color&#8220; heading_tag=&#8220;h3&#8243; heading_tag_functionality=&#8220;default&#8220; title=&#8220;Was ist das Ziel von Dribblium?&#8220;][vc_column_text text_direction=&#8220;default&#8220;]\n<p style=\"text-align: left;\">Das Ziel von Dribblium ist es, Ihnen zu zeigen, wie Sie Ihre Ballkontrolle verbessern und dabei Spa\u00df haben k\u00f6nnen. In den Fu\u00dfballtrainingseinheiten zu Hause lernen Sie die Technik, um legend\u00e4re Dribblings auf dem Spielfeld durchzuf\u00fchren. Durch das Training mit Dribblium werden Sie die folgenden Eigenschaften verbessern: <\/p>\n<p>&#8211; Dribbling<br \/>\n&#8211; Ballkontrolle<br \/>\n&#8211; Koordination<br \/>\n&#8211; Stabilit\u00e4t<br \/>\n&#8211; Ausdauer<br \/>\n&#8211; Konzentration[\/vc_column_text][\/toggle][toggle color=&#8220;Accent-Color&#8220; heading_tag=&#8220;h3&#8243; heading_tag_functionality=&#8220;default&#8220; title=&#8220;Ist es notwendig, Erfahrung im Fu\u00dfball zu haben, um Dribblium zu nutzen?&#8220;][vc_column_text text_direction=&#8220;default&#8220;]\n<p style=\"text-align: left;\">Nein, Dribblium ist f\u00fcr Spieler aller Altersgruppen und Erfahrungsstufen geeignet. Das Trainingsprogramm beginnt mit grundlegenden \u00dcbungen und geht allm\u00e4hlich zu fortgeschritteneren Techniken \u00fcber, so dass jeder lernen und sich verbessern kann <\/p>\n[\/vc_column_text][\/toggle][toggle color=&#8220;Accent-Color&#8220; heading_tag=&#8220;h3&#8243; heading_tag_functionality=&#8220;default&#8220; title=&#8220;Ist Dribblium mit mobilen Ger\u00e4ten, Computern und Fernsehern kompatibel?&#8220;][vc_column_text text_direction=&#8220;default&#8220;]\n<p style=\"text-align: left;\">Ja, die Dribblium Web-App ist mit mobilen Ger\u00e4ten und Computern kompatibel und erm\u00f6glicht Ihnen den Zugriff auf Video-Tutorials und andere Spielfunktionen auf verschiedenen Plattformen. Mit der Bildschirmspiegelungsfunktion k\u00f6nnen Sie das Erlebnis auf jedem Fernseher teilen. <\/p>\n[\/vc_column_text][\/toggle][toggle color=&#8220;Accent-Color&#8220; heading_tag=&#8220;h3&#8243; heading_tag_functionality=&#8220;default&#8220; title=&#8220;Was sind die Elemente des Dribblium Trainings-\/Spielkits?&#8220;][vc_column_text text_direction=&#8220;default&#8220;]\n<p style=\"text-align: left;\">Das Dribblium Trainings-\/Spielset besteht aus zwei Hauptelementen:<\/p>\n<p>&#8211; Trainingskarte, abgebildet auf der im Spiel enthaltenen Multifunktionsmatte<br \/>\n&#8211; Die Lektionen werden durch Video-Tutorials vermittelt, in denen die Bewegungen beschrieben werden, die auf der Trainingskarte auszuf\u00fchren sind.[\/vc_column_text][\/toggle][toggle color=&#8220;Accent-Color&#8220; heading_tag=&#8220;h3&#8243; heading_tag_functionality=&#8220;default&#8220; title=&#8220;Was ist in dem Produkt enthalten?&#8220;][vc_column_text text_direction=&#8220;default&#8220;]- <strong> Trainingskarte<\/strong> &#8211; hochwertig, abriebfest und leicht abwaschbar;<br \/>\n &#8211;<strong> Dribblium Web-App<\/strong> &#8211; zum Trainieren und \u00dcberwachen Ihrer Ballkontroll-Fu\u00dfballtechniken;<br \/>\n<strong>&#8211; +100 Trainingseinheiten <\/strong>&#8211; jedes Video erm\u00f6glicht es den Spielern, die vorgestellte Technik zu verstehen und zu beherrschen;<br \/>\n &#8211;<strong> TABS Scout-Bewertungsbogen <\/strong>&#8211; f\u00fcr eine Chance, bemerkt zu werden;<br \/>\n &#8211;<strong> Trage- und Dehnungsschnur <\/strong>&#8211; verwenden Sie die Schnur, um Ihre Matte \u00fcberall hin zu tragen und f\u00fcr Ihre Dehnungseinheiten.[\/vc_column_text][\/toggle][toggle color=&#8220;Accent-Color&#8220; heading_tag=&#8220;h3&#8243; heading_tag_functionality=&#8220;default&#8220; title=&#8220;Brauchen Sie viel Platz, um mit Dribblium zu trainieren?&#8220;][vc_column_text text_direction=&#8220;default&#8220;]\n<p style=\"text-align: left;\">Die Trainingskarte ist so konzipiert, dass sie auf kleinem Raum verwendet werden kann. Die Trainingskarte hat die Ma\u00dfe 150x90cm <\/p>\n[\/vc_column_text][\/toggle][toggle color=&#8220;Accent-Color&#8220; heading_tag=&#8220;h3&#8243; heading_tag_functionality=&#8220;default&#8220; title=&#8220;Kann Dribblium in einer Gruppe oder nur einzeln verwendet werden?&#8220;][vc_column_text text_direction=&#8220;default&#8220;]\n<p style=\"text-align: left;\">Dribblium ist in erster Linie f\u00fcr das Einzeltraining konzipiert, kann aber auch in Gruppen f\u00fcr freundschaftliche Herausforderungen und gemeinsame Trainingseinheiten genutzt werden.<\/p>\n[\/vc_column_text][\/toggle][toggle color=&#8220;Accent-Color&#8220; heading_tag=&#8220;h3&#8243; heading_tag_functionality=&#8220;default&#8220; title=&#8220;\u00dcber welche Funktionen verf\u00fcgt die Trainingskarte?&#8220;][vc_column_text text_direction=&#8220;default&#8220;]\n<p style=\"text-align: left;\">Die Matte hat die folgenden Eigenschaften:<\/p>\n<p>&#8211; Rutschfester und wasserdichter Boden<br \/>\n&#8211; Saugf\u00e4higer Stoff oben<br \/>\n&#8211; Ma\u00dfe: 150x90cm<br \/>\n&#8211; Waschbar mit einem feuchten Schwamm und neutraler PH-Seife oder in der Waschmaschine bei 30 Grad.<br \/>\nEs wird empfohlen, sie mit einem Staubsauger oder einer B\u00fcrste zu reinigen. Die Verwendung von Chemikalien wird nicht empfohlen. Die Verwendung von Wasserstrahlern oder Dampfreinigern wird nicht empfohlen.[\/vc_column_text][\/toggle][toggle color=&#8220;Accent-Color&#8220; heading_tag=&#8220;h3&#8243; heading_tag_functionality=&#8220;default&#8220; title=&#8220;Ich habe \u00e4hnliche Teppiche wie den in DRIBBLIUM gesehen, was ist der Unterschied?  &#8222;][vc_column_text text_direction=&#8220;default&#8220;]Beschr\u00e4nken Sie sich nicht darauf, nur ein einziges visuelles Merkmal zu bewerten: So wie sich ein Sportwagen von einer Schr\u00e4ghecklimousine unterscheidet, obwohl beide vier R\u00e4der haben, schafft unsere Matte mit ihrem Trainingsprogramm eine neue Erfahrung, bei der das Engagement des Kindes der grundlegende Dreh- und Angelpunkt ist, um es zum t\u00e4glichen Spielen anzuregen und eine positive 20-min\u00fctige integrative Trainingsgewohnheit zu schaffen, die ihm die Zeit nimmt, die es mit dem Handy verbringt.<br \/>\nDribblium hebt sich durch eine Reihe einzigartiger Merkmale von seinen Mitbewerbern ab. Hier sind die wichtigsten Unterschiede: <\/p>\n<p><strong>1. Gr\u00f6\u00dfe und Qualit\u00e4t des Teppichs (Trainingskarte):<\/strong><\/p>\n<p>Abmessungen: Pr\u00fcfen Sie, ob der konkurrierende Teppich dieselbe gro\u00dfz\u00fcgige Gr\u00f6\u00dfe hat wie Dribblium (150&#215;90 cm) oder ob er kleiner ist.<br \/>\nZertifizierungen und Sicherheit: Der Teppich von Dribblium ist CE-zertifiziert, feuerhemmend und frei von Kunststoffen, was Sicherheit und Qualit\u00e4t garantiert.<br \/>\nRutschfestigkeit und Zertifizierung: Dribblium bietet einen rutschfesten Teppich mit Zertifizierung und einem detaillierten Datenblatt, das die Kennzeichnung der Produktionscharge enth\u00e4lt.<\/p>\n<p><strong>2. Trainingsprogramm (Exergame):<\/strong><\/p>\n<p>Hochwertige Video-Lektionen: Die Dribblium-Lektionen wurden von Weltmeistern auf ihrem Gebiet entwickelt und bieten \u00fcber 100 differenzierte \u00dcbungen.<br \/>\nInteraktive Schulungsplattform: Mit Dribblium k\u00f6nnen Sie Ihre eigenen Schulungsvideos hochladen und einen einzigartigen Video-Lebenslauf erstellen.<br \/>\nProfessionelle Chancen: Bietet die M\u00f6glichkeit, von Talentscouts wahrgenommen zu werden und Einladungen zu Probetrainings in Profiteams zu erhalten.<br \/>\nGamification of Training: Das Training ist wie ein Videospiel aufgebaut, bei dem Sie Credits, Troph\u00e4en und die M\u00f6glichkeit haben, in einer Sportkarriere aufzusteigen.<br \/>\nIndividuelles Ranking: Die Plattform bietet ein Ranking nach Alter und Geschlecht, was den Wettbewerb fair und herausfordernd macht.<br \/>\nAufzeichnung und \u00dcberwachung der Ergebnisse: Dribblium bietet f\u00fcr jedes Training ein System zur Erfassung der Ergebnisse, mit dem Sie Ihren Fortschritt und die H\u00e4ufigkeit Ihrer \u00dcbungen verfolgen und Ihre Leistung selbst bewerten k\u00f6nnen.<br \/>\nSoziale Interaktion: \u00c4hnlich wie in einem sozialen Netzwerk k\u00f6nnen Sie mit Dribblium Lob von der Community f\u00fcr Ihr Training erhalten, was Ihr Engagement und Ihre Motivation steigert.<\/p>\n<p>Zusammenfassend l\u00e4sst sich sagen, dass Dribblium nicht nur eine Fu\u00dfballtrainingsmatte ist, sondern ein komplettes \u00d6kosystem, das fortschrittliche Technologie, Interaktivit\u00e4t und professionelle M\u00f6glichkeiten kombiniert und ein einzigartiges Trainingserlebnis bietet, das \u00fcber das reine Training hinausgeht und sich auf Engagement, pers\u00f6nliches Wachstum und M\u00f6glichkeiten in der Welt des Profifu\u00dfballs konzentriert. Diese Eigenschaften heben es von Konkurrenzprodukten ab und machen es zu einem echten &#8222;Talentfu\u00dfballspiel&#8220;, das eine innovative Trainingswelt mit realen Auswirkungen auf die Fu\u00dfballleistung w\u00e4hrend der Spiele bietet.[\/vc_column_text][\/toggle][\/toggles][\/vc_column][\/vc_row]\n","protected":false},"excerpt":{"rendered":"<p>[vc_row type=&#8220;full_width_content&#8220; full_screen_row_position=&#8220;middle&#8220; column_margin=&#8220;default&#8220; equal_height=&#8220;yes&#8220; column_direction=&#8220;default&#8220; column_direction_tablet=&#8220;default&#8220; column_direction_phone=&#8220;default&#8220; bg_color=&#8220;#000428&#8243; mouse_based_parallax_bg=&#8220;true&#8220; scene_position=&#8220;center&#8220; text_color=&#8220;light&#8220; text_align=&#8220;left&#8220; row_border_radius=&#8220;none&#8220; row_border_radius_applies=&#8220;bg&#8220; overflow=&#8220;visible&#8220; advanced_gradient=&#8220;linear-gradient(45deg, rgb(0,2,23) 18%, rgb(0,67,149) 49%, rgb(0,2,23) 83%)&#8220; advanced_gradient_angle=&#8220;45&#8243; shape_divider_position=&#8220;bottom&#8220; bg_image_animation=&#8220;none&#8220; parallax_bg=&#8220;true&#8220; parallax_bg_speed=&#8220;fast&#8220; shape_type=&#8220;&#8220; gradient_type=&#8220;advanced&#8220;&#8230;<\/p>\n","protected":false},"author":2,"featured_media":0,"parent":0,"menu_order":16,"comment_status":"closed","ping_status":"closed","template":"","meta":{"footnotes":""},"class_list":["post-12227","page","type-page","status-publish"],"_links":{"self":[{"href":"https:\/\/dribblium.com\/de\/wp-json\/wp\/v2\/pages\/12227","targetHints":{"allow":["GET"]}}],"collection":[{"href":"https:\/\/dribblium.com\/de\/wp-json\/wp\/v2\/pages"}],"about":[{"href":"https:\/\/dribblium.com\/de\/wp-json\/wp\/v2\/types\/page"}],"author":[{"embeddable":true,"href":"https:\/\/dribblium.com\/de\/wp-json\/wp\/v2\/users\/2"}],"replies":[{"embeddable":true,"href":"https:\/\/dribblium.com\/de\/wp-json\/wp\/v2\/comments?post=12227"}],"version-history":[{"count":2,"href":"https:\/\/dribblium.com\/de\/wp-json\/wp\/v2\/pages\/12227\/revisions"}],"predecessor-version":[{"id":12372,"href":"https:\/\/dribblium.com\/de\/wp-json\/wp\/v2\/pages\/12227\/revisions\/12372"}],"wp:attachment":[{"href":"https:\/\/dribblium.com\/de\/wp-json\/wp\/v2\/media?parent=12227"}],"curies":[{"name":"wp","href":"https:\/\/api.w.org\/{rel}","templated":true}]}}