{"id":12309,"date":"2024-03-04T17:22:23","date_gmt":"2024-03-04T17:22:23","guid":{"rendered":"https:\/\/dribblium.com\/ruecksendungen-und-erstattungen\/"},"modified":"2026-01-15T11:20:01","modified_gmt":"2026-01-15T11:20:01","slug":"ruecksendungen-und-erstattungen","status":"publish","type":"page","link":"https:\/\/dribblium.com\/de\/ruecksendungen-und-erstattungen\/","title":{"rendered":"R\u00fccksendungen und Erstattungen"},"content":{"rendered":"[vc_row type=&#8220;in_container&#8220; full_screen_row_position=&#8220;middle&#8220; column_margin=&#8220;default&#8220; column_direction=&#8220;default&#8220; column_direction_tablet=&#8220;default&#8220; column_direction_phone=&#8220;default&#8220; scene_position=&#8220;center&#8220; text_color=&#8220;dark&#8220; text_align=&#8220;left&#8220; row_border_radius=&#8220;none&#8220; row_border_radius_applies=&#8220;bg&#8220; overflow=&#8220;visible&#8220; overlay_strength=&#8220;0.3&#8243; gradient_direction=&#8220;left_to_right&#8220; shape_divider_position=&#8220;bottom&#8220; bg_image_animation=&#8220;none&#8220;][vc_column column_padding=&#8220;no-extra-padding&#8220; column_padding_tablet=&#8220;inherit&#8220; column_padding_phone=&#8220;inherit&#8220; column_padding_position=&#8220;all&#8220; column_element_direction_desktop=&#8220;default&#8220; column_element_spacing=&#8220;default&#8220; desktop_text_alignment=&#8220;default&#8220; tablet_text_alignment=&#8220;default&#8220; phone_text_alignment=&#8220;default&#8220; background_color_opacity=&#8220;1&#8243; background_hover_color_opacity=&#8220;1&#8243; column_backdrop_filter=&#8220;none&#8220; column_shadow=&#8220;none&#8220; column_border_radius=&#8220;none&#8220; column_link_target=&#8220;_self&#8220; column_position=&#8220;default&#8220; gradient_direction=&#8220;left_to_right&#8220; overlay_strength=&#8220;0.3&#8243; width=&#8220;1\/1&#8243; tablet_width_inherit=&#8220;default&#8220; animation_type=&#8220;default&#8220; bg_image_animation=&#8220;none&#8220; border_type=&#8220;simple&#8220; column_border_width=&#8220;none&#8220; column_border_style=&#8220;solid&#8220;][vc_column_text css=&#8220;&#8220; text_direction=&#8220;default&#8220;]\n<h1>R\u00fcckgabe, R\u00fcckerstattung und Umtausch<\/h1>\n<p><strong><br \/>\n<\/strong>Nach geltendem Recht haben Sie das Recht, binnen vierzehn (14) Tagen ohne Angabe von Gr\u00fcnden und ohne Kosten von einem Kaufvertrag zur\u00fcckzutreten, wenn Sie uns innerhalb von 14 Tagen ab dem Tag, an dem Sie oder ein von Ihnen benannter Dritter, der nicht der Bef\u00f6rderer sein muss, das Produkt in Besitz genommen haben, per Einschreiben mit R\u00fcckschein an die in Abschnitt 18 &#8211; Kontakt angegebene Adresse oder per E-Mail an <a href=\"mailto:legal@dribblium.com\">legal@dribblium.com<\/a> \u00fcber Ihren Wunsch, den Vertrag zu widerrufen, informieren (im Folgenden &#8222;Widerrufsfrist&#8220;).<\/p>\n<p style=\"padding-left: 40px;\"><strong>1.<\/strong> In dieser Mitteilung m\u00fcssen Sie angeben, dass Sie vom Kauf zur\u00fccktreten m\u00f6chten und f\u00fcr welches Produkt Sie Ihr Widerrufsrecht aus\u00fcben m\u00f6chten (wenn Sie m\u00f6chten, k\u00f6nnen Sie das den vorliegenden Bedingungen beigef\u00fcgte Widerrufsformular verwenden &#8211; Anhang A). Unmittelbar danach oder in jedem Fall innerhalb von vierzehn (14) Tagen ab dem Tag, an dem Sie uns von Ihrer Absicht, den Kaufvertrag zu widerrufen, in Kenntnis setzen, m\u00fcssen Sie das Produkt in seinem urspr\u00fcnglichen Zustand und in der Originalverpackung, gegebenenfalls mit dem angebrachten Etikett, zur\u00fcckgeben oder zur\u00fccksenden. Das Produkt wird auf Ihre Kosten zur\u00fcckgeschickt und Ihr Konto, falls es in der Zwischenzeit aktiviert wurde, wird deaktiviert.  <\/p>\n<p style=\"padding-left: 40px;\"><strong>2.<\/strong> Wenn Sie einen Kaufvertrag w\u00e4hrend der Widerrufsfrist gem\u00e4\u00df diesen Bedingungen widerrufen, haben wir Ihnen alle Zahlungen, die wir erhalten haben, sp\u00e4testens binnen vierzehn (14) Tagen ab dem Tag zur\u00fcckzuzahlen, an dem die Mitteilung \u00fcber Ihren Widerruf dieses Vertrags bei uns eingegangen ist. F\u00fcr diese R\u00fcckzahlung verwenden wir dasselbe Zahlungsmittel, das Sie beim Kauf des Produkts eingesetzt haben, es sei denn, wir haben mit Ihnen ein anderes Zahlungsmittel vereinbart; in keinem Fall werden wir Ihnen wegen dieser R\u00fcckzahlung Entgelte berechnen. Wir k\u00f6nnen die R\u00fcckzahlung verweigern, bis wir das Produkt wieder zur\u00fcckerhalten haben (Sie k\u00f6nnen das Produkt auch zusammen mit Ihrer Widerrufserkl\u00e4rung an uns zur\u00fccksenden) oder bis zu dem Tag, an dem Sie den Nachweis erbracht haben, dass Sie das Produkt zur\u00fcckgesandt haben, je nachdem, welches der fr\u00fchere Zeitpunkt ist.  <\/p>\n<p>Wir akzeptieren R\u00fccksendungen bis zu 14 Tage nach der Lieferung, wenn der Artikel unbenutzt und im Originalzustand ist und an AWRobotics S.r.l., Via Monte Nero 47 Guidonia Montecelio (ROMA) geliefert wird. Wir erstatten Ihnen den vollen Betrag der Bestellung abz\u00fcglich der R\u00fccksendekosten. Wenn Ihre Bestellung in irgendeiner Weise besch\u00e4digt ankommt, senden Sie uns bitte so schnell wie m\u00f6glich eine E-Mail an <a href=\"mailto:info@dribblium.com\">info@dribblium.com<\/a> mit der Bestellnummer und einem Foto des Zustands des Artikels. Wir behandeln diese F\u00e4lle von Fall zu Fall, werden aber unser Bestes tun, um eine zufriedenstellende L\u00f6sung zu finden. Sollten Sie weitere Fragen haben, z\u00f6gern Sie bitte nicht, uns unter <a href=\"mailto:info@dribblium.com\">info@dribblium.com zu kontaktieren .<\/a>    <\/p>\n<p>Download des <a href=\"https:\/\/dribblium.com\/wp-content\/uploads\/2024\/02\/Modulo-Recesso.pdf\" target=\"_blank\" rel=\"noopener\">Widerrufsformulars<\/a>[\/vc_column_text][\/vc_column][\/vc_row]\n","protected":false},"excerpt":{"rendered":"<p>[vc_row type=&#8220;in_container&#8220; full_screen_row_position=&#8220;middle&#8220; column_margin=&#8220;default&#8220; column_direction=&#8220;default&#8220; column_direction_tablet=&#8220;default&#8220; column_direction_phone=&#8220;default&#8220; scene_position=&#8220;center&#8220; text_color=&#8220;dark&#8220; text_align=&#8220;left&#8220; row_border_radius=&#8220;none&#8220; row_border_radius_applies=&#8220;bg&#8220; overflow=&#8220;visible&#8220; overlay_strength=&#8220;0.3&#8243; gradient_direction=&#8220;left_to_right&#8220; shape_divider_position=&#8220;bottom&#8220; bg_image_animation=&#8220;none&#8220;][vc_column column_padding=&#8220;no-extra-padding&#8220; column_padding_tablet=&#8220;inherit&#8220; column_padding_phone=&#8220;inherit&#8220; column_padding_position=&#8220;all&#8220; column_element_direction_desktop=&#8220;default&#8220; column_element_spacing=&#8220;default&#8220; desktop_text_alignment=&#8220;default&#8220; tablet_text_alignment=&#8220;default&#8220; phone_text_alignment=&#8220;default&#8220; background_color_opacity=&#8220;1&#8243; background_hover_color_opacity=&#8220;1&#8243; column_backdrop_filter=&#8220;none&#8220; column_shadow=&#8220;none&#8220;&#8230;<\/p>\n","protected":false},"author":2,"featured_media":0,"parent":0,"menu_order":32,"comment_status":"closed","ping_status":"closed","template":"","meta":{"footnotes":""},"class_list":["post-12309","page","type-page","status-publish"],"_links":{"self":[{"href":"https:\/\/dribblium.com\/de\/wp-json\/wp\/v2\/pages\/12309","targetHints":{"allow":["GET"]}}],"collection":[{"href":"https:\/\/dribblium.com\/de\/wp-json\/wp\/v2\/pages"}],"about":[{"href":"https:\/\/dribblium.com\/de\/wp-json\/wp\/v2\/types\/page"}],"author":[{"embeddable":true,"href":"https:\/\/dribblium.com\/de\/wp-json\/wp\/v2\/users\/2"}],"replies":[{"embeddable":true,"href":"https:\/\/dribblium.com\/de\/wp-json\/wp\/v2\/comments?post=12309"}],"version-history":[{"count":3,"href":"https:\/\/dribblium.com\/de\/wp-json\/wp\/v2\/pages\/12309\/revisions"}],"predecessor-version":[{"id":13281,"href":"https:\/\/dribblium.com\/de\/wp-json\/wp\/v2\/pages\/12309\/revisions\/13281"}],"wp:attachment":[{"href":"https:\/\/dribblium.com\/de\/wp-json\/wp\/v2\/media?parent=12309"}],"curies":[{"name":"wp","href":"https:\/\/api.w.org\/{rel}","templated":true}]}}