{"id":12311,"date":"2024-03-04T16:42:58","date_gmt":"2024-03-04T16:42:58","guid":{"rendered":"https:\/\/dribblium.com\/versandinformationen\/"},"modified":"2024-03-04T16:42:58","modified_gmt":"2024-03-04T16:42:58","slug":"versandinformationen","status":"publish","type":"page","link":"https:\/\/dribblium.com\/de\/versandinformationen\/","title":{"rendered":"Versandinformationen"},"content":{"rendered":"<h1>VERSANDINFORMATIONEN<\/h1>\n<p>&nbsp;<\/p>\n<p>Zun\u00e4chst ist es wichtig, den Kunden klarzumachen, dass die Bearbeitungszeit der Bestellung von der Versandzeit, die sie zum Zeitpunkt der Zahlung sehen, getrennt ist.<br \/>\nAlle Bestellungen werden innerhalb von 1 Werktag bearbeitet (au\u00dfer an Wochenenden und Feiertagen).<br \/>\nBestellungen werden von Montag bis Freitag versandt, Bestellungen am Wochenende werden am Montag und Dienstag versandt.<br \/>\nDie gesch\u00e4tzte Versandzeit beginnt an dem Tag, an dem die Bestellung versandt wird. Alle Bestellungen, die bis 11 Uhr am selben Tag eingehen, werden am Nachmittag verschickt. <\/p>\n<p><strong>Lieferzeit<\/strong><br \/>\nItalien 2 Arbeitstage (Bartolini-Kurier)<br \/>\nEuropa 8-10 Arbeitstage (je nach Standort wird der Kurier DHL\/UPS\/BARTOLINI\/POSTE sein)<\/p>\n<p><strong>Internationaler Versand<\/strong><br \/>\nEurop\u00e4ische Versandtarife. Wir bieten internationalen Versand nach Europa an. Auf Ihre Bestellung k\u00f6nnen Einfuhrz\u00f6lle und Steuern (einschlie\u00dflich Mehrwertsteuer) erhoben werden, die anfallen, sobald die Sendung das Zielland erreicht. Dribblium ist nicht f\u00fcr diese Geb\u00fchren verantwortlich, falls sie anfallen, sondern der Kunde ist daf\u00fcr verantwortlich.   <\/p>\n<p><strong>Wie kann ich den Status meiner Bestellung \u00fcberpr\u00fcfen?<\/strong><br \/>\nWenn Ihre Bestellung versandt wurde, erhalten Sie von uns eine E-Mail-Benachrichtigung mit einer Sendungsverfolgungsnummer, mit der Sie den Status Ihrer Bestellung \u00fcberpr\u00fcfen k\u00f6nnen. Bitte warten Sie 24 Stunden, bis die Informationen zur Sendungsverfolgung verf\u00fcgbar sind. Wenn Sie Ihre Bestellung nicht innerhalb von 7 Tagen nach Erhalt der Versandbest\u00e4tigung per E-Mail erhalten haben, kontaktieren Sie uns bitte unter <a href=\"mailto:logistica@dribblium.com\">logistica@dribblium.com<\/a> und geben Sie Ihren Namen und Ihre Bestellnummer an, damit wir die Bestellung \u00fcberpr\u00fcfen k\u00f6nnen.  <\/p>\n","protected":false},"excerpt":{"rendered":"<p>VERSANDINFORMATIONEN &nbsp; Zun\u00e4chst ist es wichtig, den Kunden klarzumachen, dass die Bearbeitungszeit der Bestellung von der Versandzeit, die sie zum Zeitpunkt der Zahlung sehen, getrennt ist. Alle Bestellungen werden innerhalb&#8230;<\/p>\n","protected":false},"author":2,"featured_media":0,"parent":0,"menu_order":31,"comment_status":"closed","ping_status":"closed","template":"","meta":{"footnotes":""},"class_list":["post-12311","page","type-page","status-publish"],"_links":{"self":[{"href":"https:\/\/dribblium.com\/de\/wp-json\/wp\/v2\/pages\/12311","targetHints":{"allow":["GET"]}}],"collection":[{"href":"https:\/\/dribblium.com\/de\/wp-json\/wp\/v2\/pages"}],"about":[{"href":"https:\/\/dribblium.com\/de\/wp-json\/wp\/v2\/types\/page"}],"author":[{"embeddable":true,"href":"https:\/\/dribblium.com\/de\/wp-json\/wp\/v2\/users\/2"}],"replies":[{"embeddable":true,"href":"https:\/\/dribblium.com\/de\/wp-json\/wp\/v2\/comments?post=12311"}],"version-history":[{"count":0,"href":"https:\/\/dribblium.com\/de\/wp-json\/wp\/v2\/pages\/12311\/revisions"}],"wp:attachment":[{"href":"https:\/\/dribblium.com\/de\/wp-json\/wp\/v2\/media?parent=12311"}],"curies":[{"name":"wp","href":"https:\/\/api.w.org\/{rel}","templated":true}]}}