{"id":11090,"date":"2025-04-15T09:12:52","date_gmt":"2025-04-15T09:12:52","guid":{"rendered":"https:\/\/dribblium.com\/brera-fc-milan-leccion-de-futbol\/"},"modified":"2025-10-30T13:59:53","modified_gmt":"2025-10-30T13:59:53","slug":"brera-fc-milan-leccion-de-futbol","status":"publish","type":"product","link":"https:\/\/dribblium.com\/es\/brera-fc-milan-leccion-de-futbol\/","title":{"rendered":"BRERA FC MILAN LECCI\u00d3N DE F\u00daTBOL"},"content":{"rendered":"","protected":false},"excerpt":{"rendered":"<p class=\"\" data-start=\"323\" data-end=\"511\">Inscribe a tu hijo en nuestra <strong data-start=\"358\" data-end=\"415\">clase de f\u00fatbol a medida<\/strong>, una oportunidad \u00fanica para moverse, divertirse y formar equipo en un entorno seguro y estimulante.<\/p>\n<p class=\"\" data-start=\"513\" data-end=\"756\">\ud83d\udc5f <strong data-start=\"516\" data-end=\"534\">Lo que ofrecemos:<\/strong><\/p>\n<p class=\"\" data-start=\"513\" data-end=\"756\">\u2705 Entrenadores cualificados y con experiencia con ni\u00f1os<br data-start=\"590\" data-end=\"593\">\u2705 Equipamiento adecuado y campamento seguro<br data-start=\"661\" data-end=\"664\">\u2705 Formulario de evaluaci\u00f3n para compartir en <a href=\"https:\/\/app.dribblium.com\/login\" target=\"_blank\" rel=\"noopener\">la Web App de DRIBBLIUM<\/a><br data-start=\"706\" data-end=\"709\">\u2705 \u00a1Mucha diversi\u00f3n, sonrisas y nuevas amistades!<\/p>\n<p class=\"\" data-start=\"758\" data-end=\"876\">\ud83c\udfaf Edad <strong data-start=\"761\" data-end=\"781\">recomendada:<\/strong> de 5 a 13 a\u00f1os<br data-start=\"798\" data-end=\"801\">\ud83d\udccd <strong data-start=\"804\" data-end=\"813\">D\u00f3nde:<\/strong> Arena C\u00edvica Milano<br data-start=\"831\" data-end=\"834\">\ud83d\udd52 <strong data-start=\"837\" data-end=\"848\">Cu\u00e1ndo:<\/strong> Pide cita previa<\/p>\n<p class=\"\" data-start=\"878\" data-end=\"984\"><strong data-start=\"878\" data-end=\"915\">Compra tu clase ahora y \u00a1reserva ya!<\/strong><br data-start=\"915\" data-end=\"918\">Plazas limitadas para garantizar la m\u00e1xima atenci\u00f3n a cada ni\u00f1o.<\/p>\n","protected":false},"featured_media":11094,"comment_status":"open","ping_status":"closed","template":"","meta":[],"product_brand":[],"product_cat":[209],"product_tag":[],"class_list":{"0":"post-11090","1":"product","2":"type-product","3":"status-publish","4":"has-post-thumbnail","6":"product_cat-leccion","8":"first","9":"instock","10":"downloadable","11":"virtual","12":"sold-individually","13":"taxable","14":"purchasable","15":"product-type-simple"},"_links":{"self":[{"href":"https:\/\/dribblium.com\/es\/wp-json\/wp\/v2\/product\/11090","targetHints":{"allow":["GET"]}}],"collection":[{"href":"https:\/\/dribblium.com\/es\/wp-json\/wp\/v2\/product"}],"about":[{"href":"https:\/\/dribblium.com\/es\/wp-json\/wp\/v2\/types\/product"}],"replies":[{"embeddable":true,"href":"https:\/\/dribblium.com\/es\/wp-json\/wp\/v2\/comments?post=11090"}],"wp:featuredmedia":[{"embeddable":true,"href":"https:\/\/dribblium.com\/es\/wp-json\/wp\/v2\/media\/11094"}],"wp:attachment":[{"href":"https:\/\/dribblium.com\/es\/wp-json\/wp\/v2\/media?parent=11090"}],"wp:term":[{"taxonomy":"product_brand","embeddable":true,"href":"https:\/\/dribblium.com\/es\/wp-json\/wp\/v2\/product_brand?post=11090"},{"taxonomy":"product_cat","embeddable":true,"href":"https:\/\/dribblium.com\/es\/wp-json\/wp\/v2\/product_cat?post=11090"},{"taxonomy":"product_tag","embeddable":true,"href":"https:\/\/dribblium.com\/es\/wp-json\/wp\/v2\/product_tag?post=11090"}],"curies":[{"name":"wp","href":"https:\/\/api.w.org\/{rel}","templated":true}]}}