{"id":12890,"date":"2024-03-04T16:42:58","date_gmt":"2024-03-04T16:42:58","guid":{"rendered":"https:\/\/dribblium.com\/informations-sur-lexpedition\/"},"modified":"2024-03-04T16:42:58","modified_gmt":"2024-03-04T16:42:58","slug":"informations-sur-lexpedition","status":"publish","type":"page","link":"https:\/\/dribblium.com\/fr\/informations-sur-lexpedition\/","title":{"rendered":"Informations sur l&rsquo;exp\u00e9dition"},"content":{"rendered":"<h1>INFORMATIONS SUR L&rsquo;EXP\u00c9DITION<\/h1>\n<p>&nbsp;<\/p>\n<p>Il est important de commencer par pr\u00e9ciser aux clients que le d\u00e9lai de traitement de la commande est distinct du d\u00e9lai d&rsquo;exp\u00e9dition qu&rsquo;ils constatent au moment du paiement.<br \/>\nToutes les commandes sont trait\u00e9es dans un d\u00e9lai d&rsquo;un jour ouvrable (hors week-ends et jours f\u00e9ri\u00e9s).<br \/>\nLes commandes sont exp\u00e9di\u00e9es du lundi au vendredi, les commandes du week-end sont exp\u00e9di\u00e9es le lundi et le mardi.<br \/>\nLe d\u00e9lai d&rsquo;exp\u00e9dition estim\u00e9 commence le jour de l&rsquo;exp\u00e9dition de la commande. Toutes les commandes pass\u00e9es avant 11 heures le jour m\u00eame sont exp\u00e9di\u00e9es dans l&rsquo;apr\u00e8s-midi. <\/p>\n<p><strong>D\u00e9lai de livraison<\/strong><br \/>\nItalie 2 jours ouvrables (Bartolini courier)<br \/>\nEurope 8-10 jours ouvrables (selon le lieu, le transporteur sera DHL\/UPS\/BARTOLINI\/POSTE)<\/p>\n<p><strong>Exp\u00e9dition internationale<\/strong><br \/>\nTarifs d&rsquo;exp\u00e9dition en Europe. Nous proposons des services d&rsquo;exp\u00e9dition internationale vers l&rsquo;Europe. Votre commande peut \u00eatre soumise \u00e0 des droits d&rsquo;importation et \u00e0 des taxes (y compris la TVA), qui sont appliqu\u00e9s une fois que l&rsquo;envoi atteint le pays de destination. Dribblium n&rsquo;est pas responsable de ces frais s&rsquo;ils s&rsquo;appliquent et sont \u00e0 la charge du client.   <\/p>\n<p><strong>Comment puis-je v\u00e9rifier l&rsquo;\u00e9tat de ma commande ?<\/strong><br \/>\nUne fois votre commande exp\u00e9di\u00e9e, vous recevrez une notification par courrier \u00e9lectronique contenant un num\u00e9ro de suivi que vous pourrez utiliser pour v\u00e9rifier l&rsquo;\u00e9tat d&rsquo;avancement de votre commande. Comptez 24 heures pour que les informations de suivi soient disponibles. Si vous n&rsquo;avez pas re\u00e7u votre commande dans les 7 jours suivant la r\u00e9ception de l&rsquo;e-mail de confirmation d&rsquo;exp\u00e9dition, veuillez nous contacter \u00e0 l&rsquo;adresse <a href=\"mailto:logistica@dribblium.com\">logistica@dribblium.com<\/a> en indiquant votre nom et le num\u00e9ro de votre commande et nous la v\u00e9rifierons pour vous.  <\/p>\n","protected":false},"excerpt":{"rendered":"<p>INFORMATIONS SUR L&rsquo;EXP\u00c9DITION &nbsp; Il est important de commencer par pr\u00e9ciser aux clients que le d\u00e9lai de traitement de la commande est distinct du d\u00e9lai d&rsquo;exp\u00e9dition qu&rsquo;ils constatent au moment&#8230;<\/p>\n","protected":false},"author":2,"featured_media":0,"parent":0,"menu_order":31,"comment_status":"closed","ping_status":"closed","template":"","meta":{"footnotes":""},"class_list":["post-12890","page","type-page","status-publish"],"_links":{"self":[{"href":"https:\/\/dribblium.com\/fr\/wp-json\/wp\/v2\/pages\/12890","targetHints":{"allow":["GET"]}}],"collection":[{"href":"https:\/\/dribblium.com\/fr\/wp-json\/wp\/v2\/pages"}],"about":[{"href":"https:\/\/dribblium.com\/fr\/wp-json\/wp\/v2\/types\/page"}],"author":[{"embeddable":true,"href":"https:\/\/dribblium.com\/fr\/wp-json\/wp\/v2\/users\/2"}],"replies":[{"embeddable":true,"href":"https:\/\/dribblium.com\/fr\/wp-json\/wp\/v2\/comments?post=12890"}],"version-history":[{"count":0,"href":"https:\/\/dribblium.com\/fr\/wp-json\/wp\/v2\/pages\/12890\/revisions"}],"wp:attachment":[{"href":"https:\/\/dribblium.com\/fr\/wp-json\/wp\/v2\/media?parent=12890"}],"curies":[{"name":"wp","href":"https:\/\/api.w.org\/{rel}","templated":true}]}}