{"id":12891,"date":"2024-02-19T09:11:07","date_gmt":"2024-02-19T09:11:07","guid":{"rendered":"https:\/\/dribblium.com\/politique-en-matiere-de-cookies\/"},"modified":"2024-02-19T09:11:07","modified_gmt":"2024-02-19T09:11:07","slug":"politique-en-matiere-de-cookies","status":"publish","type":"page","link":"https:\/\/dribblium.com\/fr\/politique-en-matiere-de-cookies\/","title":{"rendered":"Politique en mati\u00e8re de cookies"},"content":{"rendered":"<h1>Informations sur le traitement des donn\u00e9es personnelles ex art. 13-14 EU Reg. 2016\/679<\/h1>\n<p>&nbsp;<\/p>\n<h3>Parties int\u00e9ress\u00e9es : Navigateurs du portail www.dribblium.com.<\/h3>\n<p>Dribblium S.r.l., en sa qualit\u00e9 de responsable du traitement de vos donn\u00e9es personnelles, conform\u00e9ment et aux fins du R\u00e8glement UE 2016\/679 ci-apr\u00e8s \u00a0\u00bb GDPR \u00ab\u00a0, vous informe par la pr\u00e9sente que la l\u00e9gislation susmentionn\u00e9e pr\u00e9voit la protection des personnes concern\u00e9es en ce qui concerne le traitement de leurs donn\u00e9es personnelles et que ce traitement sera bas\u00e9 sur les principes d&rsquo;exactitude, de l\u00e9galit\u00e9, de transparence et de protection de votre confidentialit\u00e9 et de vos droits.<\/p>\n<p>Vos donn\u00e9es personnelles seront trait\u00e9es conform\u00e9ment aux dispositions l\u00e9gales de la l\u00e9gislation susmentionn\u00e9e et aux obligations de confidentialit\u00e9 qui en d\u00e9coulent.<\/p>\n<p>Finalit\u00e9s et base juridique du traitement : en particulier, vos donn\u00e9es seront utilis\u00e9es pour les finalit\u00e9s suivantes relatives \u00e0 l&rsquo;ex\u00e9cution de mesures li\u00e9es \u00e0 des obligations contractuelles ou pr\u00e9contractuelles :<\/p>\n<ul>\n<li>la gestion des cookies n\u00e9cessaires au portail (les cookies techniques sont indispensables au bon fonctionnement du site et sont utilis\u00e9s dans le seul but de g\u00e9rer les diff\u00e9rents services li\u00e9s au site, tels que le login).<\/li>\n<\/ul>\n<p>M\u00e9thode de traitement. Vos donn\u00e9es personnelles peuvent \u00eatre trait\u00e9es de la mani\u00e8re suivante : <\/p>\n<ul>\n<li>au moyen d&rsquo;ordinateurs \u00e9lectroniques utilisant des syst\u00e8mes logiciels exploit\u00e9s par des tiers ;<\/li>\n<li>au moyen d&rsquo;ordinateurs \u00e9lectroniques utilisant des syst\u00e8mes logiciels g\u00e9r\u00e9s ou programm\u00e9s directement.<\/li>\n<\/ul>\n<p>Tous les traitements sont effectu\u00e9s dans le respect des m\u00e9thodes \u00e9nonc\u00e9es aux articles 6 et 32 du GDPR et par l&rsquo;adoption de mesures de s\u00e9curit\u00e9 appropri\u00e9es.<\/p>\n<p>Vos donn\u00e9es ne seront trait\u00e9es que par le personnel express\u00e9ment autoris\u00e9 par le contr\u00f4leur et, en particulier, par les cat\u00e9gories suivantes de personnel autoris\u00e9 :<\/p>\n<ul>\n<li>des op\u00e9rateurs internes pour g\u00e9rer le portail web.<\/li>\n<\/ul>\n<p>Communication : vos donn\u00e9es peuvent \u00eatre communiqu\u00e9es \u00e0 des parties externes pour la bonne gestion de la relation et en particulier aux cat\u00e9gories suivantes de destinataires, y compris tous les responsables du traitement des donn\u00e9es d\u00fbment d\u00e9sign\u00e9s :<\/p>\n<ul>\n<li>fournisseur de services web pour la gestion et la maintenance de la plate-forme.<\/li>\n<\/ul>\n<p>Diffusion : vos donn\u00e9es personnelles ne seront en aucun cas diffus\u00e9es.<\/p>\n<p>P\u00e9riode de conservation. Nous vous informons que, conform\u00e9ment aux principes de l\u00e9galit\u00e9, de limitation de la finalit\u00e9 et de minimisation des donn\u00e9es, en vertu de l&rsquo;article 5 du RGPD, la p\u00e9riode de conservation de vos donn\u00e9es \u00e0 caract\u00e8re personnel est la suivante :  <\/p>\n<ul>\n<li>Session : PHP.net.<\/li>\n<\/ul>\n<p>Gestion des cookies : si vous avez des doutes ou des inqui\u00e9tudes concernant l&rsquo;utilisation des cookies, vous pouvez toujours prendre des mesures pour emp\u00eacher leur installation et leur lecture, par exemple en modifiant les param\u00e8tres de confidentialit\u00e9 de votre navigateur pour bloquer certains types de cookies.<\/p>\n<p>\u00c9tant donn\u00e9 que chaque navigateur &#8211; et souvent les diff\u00e9rentes versions d&rsquo;un m\u00eame navigateur &#8211; diff\u00e8rent consid\u00e9rablement les uns des autres, si vous pr\u00e9f\u00e9rez agir de mani\u00e8re autonome via les pr\u00e9f\u00e9rences de votre navigateur, vous trouverez des informations d\u00e9taill\u00e9es sur la proc\u00e9dure \u00e0 suivre dans l&rsquo;aide de votre navigateur. Pour un aper\u00e7u de la mani\u00e8re d&rsquo;agir pour les navigateurs les plus courants, veuillez consulter le site www.cookiepedia.co.uk. <\/p>\n<p>Les soci\u00e9t\u00e9s de publicit\u00e9 vous permettent \u00e9galement de refuser de recevoir des publicit\u00e9s cibl\u00e9es si vous le souhaitez. Cela n&#8217;emp\u00eache pas la mise en place de cookies, mais stoppe l&rsquo;utilisation et la collecte de certaines donn\u00e9es par ces soci\u00e9t\u00e9s. <\/p>\n<p>Pour plus d&rsquo;informations et les options de retrait, veuillez consulter le site www.youronlinechoices.eu\/.<\/p>\n<p>Contr\u00f4leur des donn\u00e9es : Le contr\u00f4leur des donn\u00e9es, conform\u00e9ment \u00e0 la loi, est Dribblium S.r.l. (via Giordano Bruno 15, 20154, Milan (MI), num\u00e9ro de TVA 13213410965).<\/p>\n<p>Vous avez le droit d&rsquo;obtenir du responsable du traitement l&rsquo;effacement (droit \u00e0 l&rsquo;oubli), la limitation, la mise \u00e0 jour, la rectification, la portabilit\u00e9, l&rsquo;opposition au traitement des donn\u00e9es \u00e0 caract\u00e8re personnel vous concernant, ainsi que, de mani\u00e8re g\u00e9n\u00e9rale, vous pouvez exercer tous les droits pr\u00e9vus aux articles 15, 16, 17, 18, 19, 20, 21, 22 du RGPD.<\/p>\n<h3>EU Reg. 2016\/679 : Arts. 15, 16, 17, 18, 19, 20, 21, 22 &#8211; Droits de la personne concern\u00e9e<\/h3>\n<p>1. La personne concern\u00e9e a le droit d&rsquo;obtenir la confirmation de l&rsquo;existence ou non de donn\u00e9es \u00e0 caract\u00e8re personnel la concernant, m\u00eame si elles n&rsquo;ont pas encore \u00e9t\u00e9 enregistr\u00e9es, leur communication sous forme intelligible et la possibilit\u00e9 d&rsquo;introduire une r\u00e9clamation aupr\u00e8s de l&rsquo;autorit\u00e9 de contr\u00f4le.<\/p>\n<p style=\"padding-left: 40px;\">2. La personne concern\u00e9e a le droit d&rsquo;\u00eatre inform\u00e9e :<\/p>\n<p style=\"padding-left: 40px;\">a. l&rsquo;origine des donn\u00e9es \u00e0 caract\u00e8re personnel ; <\/p>\n<p style=\"padding-left: 40px;\">b. les finalit\u00e9s et les modalit\u00e9s du traitement ; <\/p>\n<p style=\"padding-left: 40px;\">c. la logique appliqu\u00e9e en cas de traitement effectu\u00e9 \u00e0 l&rsquo;aide d&rsquo;instruments \u00e9lectroniques ; <\/p>\n<p style=\"padding-left: 40px;\">d. les \u00e9l\u00e9ments d&rsquo;identification du d\u00e9tenteur, des personnes responsables et du repr\u00e9sentant d\u00e9sign\u00e9 conform\u00e9ment \u00e0 l&rsquo;article 5, paragraphe 2 ;<\/p>\n<p style=\"padding-left: 40px;\">e. les sujets ou les cat\u00e9gories de sujets auxquels les donn\u00e9es personnelles peuvent \u00eatre communiqu\u00e9es ou qui peuvent en prendre connaissance en qualit\u00e9 de repr\u00e9sentant d\u00e9sign\u00e9 sur le territoire de l&rsquo;Etat, de responsables ou de mandataires. <\/p>\n<p>3. La personne concern\u00e9e a le droit d&rsquo;obtenir<\/p>\n<p style=\"padding-left: 40px;\">a. la mise \u00e0 jour, la rectification ou, le cas \u00e9ch\u00e9ant, l&rsquo;int\u00e9gration des donn\u00e9es ; <\/p>\n<p style=\"padding-left: 40px;\">b. l&rsquo;effacement, la transformation sous forme anonyme ou le blocage des donn\u00e9es trait\u00e9es en violation de la loi, y compris celles dont la conservation n&rsquo;est pas n\u00e9cessaire au regard des finalit\u00e9s pour lesquelles les donn\u00e9es ont \u00e9t\u00e9 collect\u00e9es ou trait\u00e9es par la suite ;<br \/>\nc. l&rsquo;attestation que les op\u00e9rations vis\u00e9es aux lettres a) et b) ont \u00e9t\u00e9 notifi\u00e9es, y compris en ce qui concerne leur contenu, aux entit\u00e9s auxquelles les donn\u00e9es ont \u00e9t\u00e9 communiqu\u00e9es ou diffus\u00e9es, \u00e0 moins que cette exigence ne s&rsquo;av\u00e8re impossible ou n&rsquo;implique un effort manifestement disproportionn\u00e9 par rapport au droit \u00e0 prot\u00e9ger ;<br \/>\nd. la portabilit\u00e9 des donn\u00e9es.    <\/p>\n<p>4. La personne concern\u00e9e a le droit de s&rsquo;opposer, en tout ou en partie :<\/p>\n<p style=\"padding-left: 40px;\">a. pour des raisons l\u00e9gitimes au traitement des donn\u00e9es \u00e0 caract\u00e8re personnel le concernant, m\u00eame si elles sont pertinentes par rapport \u00e0 la finalit\u00e9 de la collecte ; <\/p>\n<p style=\"padding-left: 40px;\">b. le traitement des donn\u00e9es \u00e0 caract\u00e8re personnel le concernant dans le but d&rsquo;envoyer de la publicit\u00e9 ou du mat\u00e9riel de vente directe ou de r\u00e9aliser des \u00e9tudes de march\u00e9 ou des communications commerciales. <\/p>\n","protected":false},"excerpt":{"rendered":"<p>Informations sur le traitement des donn\u00e9es personnelles ex art. 13-14 EU Reg. 2016\/679 &nbsp; Parties int\u00e9ress\u00e9es : Navigateurs du portail www.dribblium.com. Dribblium S.r.l., en sa qualit\u00e9 de responsable du traitement&#8230;<\/p>\n","protected":false},"author":2,"featured_media":0,"parent":0,"menu_order":50,"comment_status":"closed","ping_status":"closed","template":"","meta":{"footnotes":""},"class_list":["post-12891","page","type-page","status-publish"],"_links":{"self":[{"href":"https:\/\/dribblium.com\/fr\/wp-json\/wp\/v2\/pages\/12891","targetHints":{"allow":["GET"]}}],"collection":[{"href":"https:\/\/dribblium.com\/fr\/wp-json\/wp\/v2\/pages"}],"about":[{"href":"https:\/\/dribblium.com\/fr\/wp-json\/wp\/v2\/types\/page"}],"author":[{"embeddable":true,"href":"https:\/\/dribblium.com\/fr\/wp-json\/wp\/v2\/users\/2"}],"replies":[{"embeddable":true,"href":"https:\/\/dribblium.com\/fr\/wp-json\/wp\/v2\/comments?post=12891"}],"version-history":[{"count":0,"href":"https:\/\/dribblium.com\/fr\/wp-json\/wp\/v2\/pages\/12891\/revisions"}],"wp:attachment":[{"href":"https:\/\/dribblium.com\/fr\/wp-json\/wp\/v2\/media?parent=12891"}],"curies":[{"name":"wp","href":"https:\/\/api.w.org\/{rel}","templated":true}]}}