{"id":12937,"date":"2024-02-14T10:38:16","date_gmt":"2024-02-14T10:38:16","guid":{"rendered":"https:\/\/dribblium.com\/dossier-technique\/"},"modified":"2025-12-18T15:30:36","modified_gmt":"2025-12-18T15:30:36","slug":"dossier-technique","status":"publish","type":"page","link":"https:\/\/dribblium.com\/fr\/dossier-technique\/","title":{"rendered":"Dossier technique"},"content":{"rendered":"[vc_row type=\u00a0\u00bbfull_width_content\u00a0\u00bb full_screen_row_position=\u00a0\u00bbmiddle\u00a0\u00bb column_margin=\u00a0\u00bbdefault\u00a0\u00bb equal_height=\u00a0\u00bbyes\u00a0\u00bb column_direction=\u00a0\u00bbdefault\u00a0\u00bb column_direction_tablet=\u00a0\u00bbdefault\u00a0\u00bb column_direction_phone=\u00a0\u00bbdefault\u00a0\u00bb bg_color=\u00a0\u00bb#000428&Prime; mouse_based_parallax_bg=\u00a0\u00bbtrue\u00a0\u00bb scene_position=\u00a0\u00bbcenter\u00a0\u00bb text_color=\u00a0\u00bblight\u00a0\u00bb text_align=\u00a0\u00bbleft\u00a0\u00bb row_border_radius=\u00a0\u00bbnone\u00a0\u00bb row_border_radius_applies=\u00a0\u00bbbg\u00a0\u00bb overflow=\u00a0\u00bbvisible\u00a0\u00bb advanced_gradient=\u00a0\u00bblinear-gradient(45deg, rgb(0,2,23) 18%, rgb(0,67,149) 49%, rgb(0,2,23) 83%)\u00a0\u00bb advanced_gradient_angle=\u00a0\u00bb45&Prime; shape_divider_position=\u00a0\u00bbbottom\u00a0\u00bb bg_image_animation=\u00a0\u00bbnone\u00a0\u00bb parallax_bg=\u00a0\u00bbtrue\u00a0\u00bb parallax_bg_speed=\u00a0\u00bbfast\u00a0\u00bb shape_type=\u00a0\u00bb\u00a0\u00bb gradient_type=\u00a0\u00bbadvanced\u00a0\u00bb advanced_gradient_display_type=\u00a0\u00bblinear\u00a0\u00bb][vc_column column_padding=\u00a0\u00bbno-extra-padding\u00a0\u00bb column_padding_tablet=\u00a0\u00bbinherit\u00a0\u00bb column_padding_phone=\u00a0\u00bbinherit\u00a0\u00bb column_padding_position=\u00a0\u00bball\u00a0\u00bb column_element_direction_desktop=\u00a0\u00bbdefault\u00a0\u00bb column_element_spacing=\u00a0\u00bbdefault\u00a0\u00bb centered_text=\u00a0\u00bbtrue\u00a0\u00bb desktop_text_alignment=\u00a0\u00bbdefault\u00a0\u00bb tablet_text_alignment=\u00a0\u00bbdefault\u00a0\u00bb phone_text_alignment=\u00a0\u00bbdefault\u00a0\u00bb sticky_content=\u00a0\u00bbtrue\u00a0\u00bb sticky_content_functionality=\u00a0\u00bbjs\u00a0\u00bb background_color_opacity=\u00a0\u00bb0.6&Prime; background_hover_color_opacity=\u00a0\u00bb1&Prime; video_bg=\u00a0\u00bbuse_video\u00a0\u00bb background_video_loading=\u00a0\u00bbdefault\u00a0\u00bb column_backdrop_filter=\u00a0\u00bbnone\u00a0\u00bb column_shadow=\u00a0\u00bbnone\u00a0\u00bb column_border_radius=\u00a0\u00bbnone\u00a0\u00bb column_link_target=\u00a0\u00bb_self\u00a0\u00bb column_position=\u00a0\u00bbdefault\u00a0\u00bb gradient_direction=\u00a0\u00bbleft_to_right\u00a0\u00bb overlay_strength=\u00a0\u00bb0.3&Prime; width=\u00a0\u00bb1\/1&Prime; tablet_width_inherit=\u00a0\u00bbdefault\u00a0\u00bb animation_type=\u00a0\u00bbdefault\u00a0\u00bb bg_image_animation=\u00a0\u00bbnone\u00a0\u00bb border_type=\u00a0\u00bbsimple\u00a0\u00bb column_border_width=\u00a0\u00bbnone\u00a0\u00bb column_border_style=\u00a0\u00bbsolid\u00a0\u00bb column_padding_type=\u00a0\u00bbdefault\u00a0\u00bb gradient_type=\u00a0\u00bbdefault\u00a0\u00bb][vc_row_inner column_margin=\u00a0\u00bbdefault\u00a0\u00bb column_direction=\u00a0\u00bbdefault\u00a0\u00bb column_direction_tablet=\u00a0\u00bbdefault\u00a0\u00bb column_direction_phone=\u00a0\u00bbdefault\u00a0\u00bb text_align=\u00a0\u00bbleft\u00a0\u00bb row_position=\u00a0\u00bbdefault\u00a0\u00bb row_position_tablet=\u00a0\u00bbinherit\u00a0\u00bb row_position_phone=\u00a0\u00bbinherit\u00a0\u00bb overflow=\u00a0\u00bbvisible\u00a0\u00bb pointer_events=\u00a0\u00bball\u00a0\u00bb][vc_column_inner column_padding=\u00a0\u00bbpadding-8-percent\u00a0\u00bb column_padding_tablet=\u00a0\u00bbinherit\u00a0\u00bb column_padding_phone=\u00a0\u00bbinherit\u00a0\u00bb column_padding_position=\u00a0\u00bball\u00a0\u00bb column_element_direction_desktop=\u00a0\u00bbdefault\u00a0\u00bb column_element_spacing=\u00a0\u00bbdefault\u00a0\u00bb desktop_text_alignment=\u00a0\u00bbdefault\u00a0\u00bb tablet_text_alignment=\u00a0\u00bbdefault\u00a0\u00bb phone_text_alignment=\u00a0\u00bbdefault\u00a0\u00bb background_color=\u00a0\u00bb#000217&Prime; background_color_opacity=\u00a0\u00bb0.6&Prime; background_hover_color_opacity=\u00a0\u00bb1&Prime; video_bg=\u00a0\u00bbuse_video\u00a0\u00bb video_mp4=\u00a0\u00bbhttps:\/\/dribblium.com\/wp-content\/uploads\/2024\/01\/lv_0_20240110212150.mp4&Prime; background_video_loading=\u00a0\u00bbdefault\u00a0\u00bb column_backdrop_filter=\u00a0\u00bbnone\u00a0\u00bb column_shadow=\u00a0\u00bbnone\u00a0\u00bb column_border_radius=\u00a0\u00bbnone\u00a0\u00bb column_link_target=\u00a0\u00bb_self\u00a0\u00bb overflow=\u00a0\u00bbvisible\u00a0\u00bb gradient_direction=\u00a0\u00bbleft_to_right\u00a0\u00bb overlay_strength=\u00a0\u00bb0.3&Prime; width=\u00a0\u00bb1\/1&Prime; tablet_width_inherit=\u00a0\u00bbdefault\u00a0\u00bb animation_type=\u00a0\u00bbdefault\u00a0\u00bb bg_image_animation=\u00a0\u00bbnone\u00a0\u00bb border_type=\u00a0\u00bbsimple\u00a0\u00bb column_border_width=\u00a0\u00bbnone\u00a0\u00bb column_border_style=\u00a0\u00bbsolid\u00a0\u00bb column_padding_type=\u00a0\u00bbdefault\u00a0\u00bb gradient_type=\u00a0\u00bbdefault\u00a0\u00bb][vc_custom_heading text=\u00a0\u00bbCaract\u00e9ristiques du produit\u00a0\u00bb font_container=\u00a0\u00bbtag:h1|font_size:50|text_align:center|line_height:1&Prime; use_theme_fonts=\u00a0\u00bbyes\u00a0\u00bb][\/vc_column_inner][\/vc_row_inner][vc_row_inner equal_height=\u00a0\u00bbyes\u00a0\u00bb column_margin=\u00a0\u00bbdefault\u00a0\u00bb column_direction=\u00a0\u00bbdefault\u00a0\u00bb column_direction_tablet=\u00a0\u00bbdefault\u00a0\u00bb column_direction_phone=\u00a0\u00bbdefault\u00a0\u00bb text_align=\u00a0\u00bbleft\u00a0\u00bb row_position=\u00a0\u00bbdefault\u00a0\u00bb row_position_tablet=\u00a0\u00bbinherit\u00a0\u00bb row_position_phone=\u00a0\u00bbinherit\u00a0\u00bb overflow=\u00a0\u00bbvisible\u00a0\u00bb pointer_events=\u00a0\u00bball\u00a0\u00bb][vc_column_inner top_padding_desktop=\u00a0\u00bb5%\u00a0\u00bb constrain_group_100=\u00a0\u00bbyes\u00a0\u00bb bottom_padding_desktop=\u00a0\u00bb5%\u00a0\u00bb left_padding_desktop=\u00a0\u00bb8%\u00a0\u00bb constrain_group_101=\u00a0\u00bbyes\u00a0\u00bb right_padding_desktop=\u00a0\u00bb8%\u00a0\u00bb column_element_direction_desktop=\u00a0\u00bbdefault\u00a0\u00bb column_element_spacing=\u00a0\u00bbdefault\u00a0\u00bb desktop_text_alignment=\u00a0\u00bbleft\u00a0\u00bb tablet_text_alignment=\u00a0\u00bbdefault\u00a0\u00bb phone_text_alignment=\u00a0\u00bbdefault\u00a0\u00bb background_color_opacity=\u00a0\u00bb1&Prime; background_hover_color_opacity=\u00a0\u00bb1&Prime; column_backdrop_filter=\u00a0\u00bbnone\u00a0\u00bb column_shadow=\u00a0\u00bbnone\u00a0\u00bb column_border_radius=\u00a0\u00bbnone\u00a0\u00bb column_link_target=\u00a0\u00bb_self\u00a0\u00bb overflow=\u00a0\u00bbvisible\u00a0\u00bb gradient_direction=\u00a0\u00bbleft_to_right\u00a0\u00bb overlay_strength=\u00a0\u00bb0.3&Prime; width=\u00a0\u00bb1\/1&Prime; tablet_width_inherit=\u00a0\u00bbdefault\u00a0\u00bb animation_type=\u00a0\u00bbdefault\u00a0\u00bb bg_image_animation=\u00a0\u00bbnone\u00a0\u00bb border_type=\u00a0\u00bbsimple\u00a0\u00bb column_border_width=\u00a0\u00bbnone\u00a0\u00bb column_border_style=\u00a0\u00bbsolid\u00a0\u00bb column_padding_type=\u00a0\u00bbadvanced\u00a0\u00bb gradient_type=\u00a0\u00bbdefault\u00a0\u00bb][vc_custom_heading text=\u00a0\u00bbFiche technique\u00a0\u00bb font_container=\u00a0\u00bbtag:h1|font_size:34|text_align:left|color:%2302ff66|line_height:1&Prime; use_theme_fonts=\u00a0\u00bbyes\u00a0\u00bb css_animation=\u00a0\u00bbfadeInUp\u00a0\u00bb][divider line_type=\u00a0\u00bbNo Line\u00a0\u00bb custom_height=\u00a0\u00bb30&Prime;][vc_column_text css_animation=\u00a0\u00bbfadeInUp\u00a0\u00bb css=\u00a0\u00bb\u00a0\u00bb text_direction=\u00a0\u00bbdefault\u00a0\u00bb]\n<p style=\"text-align: left;\"><strong>1 &#8211; Nom commercial<\/strong>: DRIBBLIUM<\/p>\n<p style=\"text-align: left;\"><strong>2 &#8211; Description du produit<\/strong>: Constitu\u00e9 d&rsquo;un kit de formation<\/p>\n<p style=\"padding-left: 40px; text-align: left;\"><strong>2.1<\/strong> Carte d&rsquo;entra\u00eenement<br \/>\nLa carte d&rsquo;entra\u00eenement est con\u00e7ue pour faciliter et acc\u00e9l\u00e9rer l&rsquo;apprentissage des mouvements techniques. A l&rsquo;aide des fl\u00e8ches et des num\u00e9ros sur le tapis, vous pouvez apprendre les mouvements techniques individuels plus facilement et plus rapidement. <\/p>\n<p style=\"padding-left: 40px; text-align: left;\"><strong>2.2 Application Web<\/strong><br \/>\nLes le\u00e7ons sont dispens\u00e9es sous forme de tutoriels vid\u00e9o sur l&rsquo;application Web Dribblium et d\u00e9crivent les mouvements \u00e0 effectuer sur la carte d&rsquo;entra\u00eenement. Chaque entra\u00eenement en d\u00e9bloque un autre, ce qui permet de passer d&rsquo;une technique \u00e0 l&rsquo;autre dans le but de vous faire ma\u00eetriser les comp\u00e9tences techniques n\u00e9cessaires pour contr\u00f4ler le ballon au maximum. <\/p>\n<p style=\"text-align: left;\"><strong>3 &#8211; Analyse de risque du produit de la carte de formation (mat) :<\/strong><\/p>\n<ul style=\"text-align: left;\">\n<li>Risque m\u00e9canique<\/li>\n<li>Risque de pi\u00e9geage : faible<\/li>\n<li>Suffocation, aspiration ou ingestion : faible<\/li>\n<li>Piq\u00fbres ou lac\u00e9rations : faible<\/li>\n<li>Risque chimique : faible<\/li>\n<li>Risque de chaleur et de flamme : faible<\/li>\n<\/ul>\n<p style=\"text-align: left;\"><strong>4 &#8211; Manuel d&rsquo;instruction, d&rsquo;une complexit\u00e9 et d&rsquo;une taille suffisantes pour permettre l&rsquo;utilisation du produit sans risque ou avec un risque minimal :<\/strong><\/p>\n<ul>\n<li style=\"text-align: left;\">Placez le tapis sur une surface lisse et propre, sans asp\u00e9rit\u00e9s apparentes.<\/li>\n<li style=\"text-align: left;\">Laissez un espace suffisant autour du p\u00e9rim\u00e8tre du tapis afin de garantir un espace suffisant pour les exercices.<\/li>\n<li style=\"text-align: left;\">Veillez \u00e0 ce que la surface \u00e0 coefficient de frottement \u00e9lev\u00e9 soit int\u00e9gr\u00e9e au rev\u00eatement sous-jacent.<\/li>\n<li style=\"text-align: left;\">Un passage quotidien de l&rsquo;aspirateur sur le tapis permet de conserver le tissu comme neuf plus longtemps. Plus le tapis est propre, plus il est efficace. <\/li>\n<li style=\"text-align: left;\">Les taches persistantes peuvent \u00eatre savonn\u00e9es avec des produits non agressifs et rinc\u00e9es \u00e0 l&rsquo;eau ti\u00e8de et propre.<\/li>\n<li style=\"text-align: left;\">S\u00e9chez \u00e0 plat et \u00e0 l&rsquo;abri du soleil.<\/li>\n<li style=\"text-align: left;\">Il peut \u00eatre lav\u00e9 en machine \u00e0 cycle d\u00e9licat (faible nombre de tours et temp\u00e9rature ne d\u00e9passant pas 30\u00b0C) sans essorage.<\/li>\n<li style=\"text-align: left;\">N&rsquo;utilisez pas d&rsquo;eau de Javel ou de produits agressifs.<\/li>\n<li style=\"text-align: left;\">Ne pas mettre au s\u00e8che-linge.<\/li>\n<li style=\"text-align: left;\">A conserver \u00e0 des temp\u00e9ratures comprises entre 5 et 40\u00b0C<\/li>\n<\/ul>\n<p style=\"text-align: left;\"><strong>5 &#8211; Etiquette et caract\u00e9ristiques principales du<\/strong> produit : indiqu\u00e9es sur le produit lui-m\u00eame.<\/p>\n<p style=\"text-align: left;\"><strong>6 &#8211; informations sur les composants, les mati\u00e8res premi\u00e8res :<\/strong><\/p>\n<ul style=\"text-align: left;\">\n<li>100% Polyamide<\/li>\n<li>Sans AZO<\/li>\n<li>Cfl-s1 ignifug\u00e9<\/li>\n<li>100% sans PVC<\/li>\n<li>100% sans phtalates<\/li>\n<li>Certification Oeko-Tex<\/li>\n<\/ul>\n<p style=\"text-align: left;\"><strong>7 &#8211; Documents techniques et essais possibles :<\/strong><\/p>\n<ul style=\"text-align: left;\">\n<li>EN ISO 9239-1<\/li>\n<li>EN ISO 13501-1<\/li>\n<li>EN 1307 : 2014<\/li>\n<\/ul>\n<p style=\"text-align: left;\"><strong>8 &#8211; Indication des normes techniques auxquelles le produit est d\u00e9clar\u00e9 conforme<\/strong>:<\/p>\n<ul style=\"text-align: left;\">\n<li>Directive 2001\/95\/CE<\/li>\n<li>R\u00e8glement (UE) n\u00b0 1007\/2011 tel que modifi\u00e9.<\/li>\n<li>Loi non. 883\/73<\/li>\n<li>D\u00c9CRET PR\u00c9SIDENTIEL 515\/76<\/li>\n<li>D\u00e9cret l\u00e9gislatif n\u00b0. 194\/99<\/li>\n<li>D. D\u00e9cret l\u00e9gislatif 6\/9\/2005 n\u00b0 206 Code de la consommation  <\/li>\n<li>D\u00e9cret l\u00e9gislatif. 133\/2009<\/li>\n<li>R\u00e8glement (CE) n\u00b0 1907\/2006 (Reach) tel que modifi\u00e9. <\/li>\n<li>R\u00e8glement CE n\u00b0.  765\/2008<\/li>\n<\/ul>\n<p style=\"text-align: left;\"><strong>9 &#8211; Liste des pi\u00e8ces<\/strong>:<\/p>\n<ul style=\"text-align: left;\">\n<li>Tapis d&rsquo;une taille d&rsquo;environ 90x150cm en 100% Polyamide<\/li>\n<li>Logiciel d\u00e9di\u00e9 \u00e0 l&rsquo;\u00e9laboration d&rsquo;exercices combin\u00e9s avec le tapis<\/li>\n<\/ul>\n<p>&nbsp;<\/p>\n<p style=\"text-align: left;\"><em>R\u00e9vision n\u00b0 1 de f\u00e9vrier 2024<\/em><\/p>\n[\/vc_column_text][divider line_type=\u00a0\u00bbNo Line\u00a0\u00bb custom_height=\u00a0\u00bb1&Prime;][\/vc_column_inner][\/vc_row_inner][\/vc_column][\/vc_row][vc_row type=\u00a0\u00bbfull_width_content\u00a0\u00bb full_screen_row_position=\u00a0\u00bbmiddle\u00a0\u00bb column_margin=\u00a0\u00bbdefault\u00a0\u00bb equal_height=\u00a0\u00bbyes\u00a0\u00bb column_direction=\u00a0\u00bbdefault\u00a0\u00bb column_direction_tablet=\u00a0\u00bbdefault\u00a0\u00bb column_direction_phone=\u00a0\u00bbdefault\u00a0\u00bb bg_color=\u00a0\u00bb#000428&Prime; mouse_based_parallax_bg=\u00a0\u00bbtrue\u00a0\u00bb scene_position=\u00a0\u00bbcenter\u00a0\u00bb text_color=\u00a0\u00bblight\u00a0\u00bb text_align=\u00a0\u00bbleft\u00a0\u00bb row_border_radius=\u00a0\u00bbnone\u00a0\u00bb row_border_radius_applies=\u00a0\u00bbbg\u00a0\u00bb overflow=\u00a0\u00bbvisible\u00a0\u00bb advanced_gradient=\u00a0\u00bblinear-gradient(45deg, rgb(0,2,23) 18%, rgb(0,67,149) 49%, rgb(0,2,23) 83%)\u00a0\u00bb advanced_gradient_angle=\u00a0\u00bb45&Prime; shape_divider_position=\u00a0\u00bbbottom\u00a0\u00bb bg_image_animation=\u00a0\u00bbnone\u00a0\u00bb parallax_bg=\u00a0\u00bbtrue\u00a0\u00bb parallax_bg_speed=\u00a0\u00bbfast\u00a0\u00bb shape_type=\u00a0\u00bb\u00a0\u00bb gradient_type=\u00a0\u00bbadvanced\u00a0\u00bb advanced_gradient_display_type=\u00a0\u00bblinear\u00a0\u00bb][vc_column column_padding=\u00a0\u00bbno-extra-padding\u00a0\u00bb column_padding_tablet=\u00a0\u00bbinherit\u00a0\u00bb column_padding_phone=\u00a0\u00bbinherit\u00a0\u00bb column_padding_position=\u00a0\u00bball\u00a0\u00bb column_element_direction_desktop=\u00a0\u00bbdefault\u00a0\u00bb column_element_spacing=\u00a0\u00bbdefault\u00a0\u00bb centered_text=\u00a0\u00bbtrue\u00a0\u00bb desktop_text_alignment=\u00a0\u00bbdefault\u00a0\u00bb tablet_text_alignment=\u00a0\u00bbdefault\u00a0\u00bb phone_text_alignment=\u00a0\u00bbdefault\u00a0\u00bb sticky_content=\u00a0\u00bbtrue\u00a0\u00bb sticky_content_functionality=\u00a0\u00bbjs\u00a0\u00bb background_color_opacity=\u00a0\u00bb0.6&Prime; background_hover_color_opacity=\u00a0\u00bb1&Prime; video_bg=\u00a0\u00bbuse_video\u00a0\u00bb background_video_loading=\u00a0\u00bbdefault\u00a0\u00bb column_backdrop_filter=\u00a0\u00bbnone\u00a0\u00bb column_shadow=\u00a0\u00bbnone\u00a0\u00bb column_border_radius=\u00a0\u00bbnone\u00a0\u00bb column_link_target=\u00a0\u00bb_self\u00a0\u00bb column_position=\u00a0\u00bbdefault\u00a0\u00bb gradient_direction=\u00a0\u00bbleft_to_right\u00a0\u00bb overlay_strength=\u00a0\u00bb0.3&Prime; width=\u00a0\u00bb1\/1&Prime; tablet_width_inherit=\u00a0\u00bbdefault\u00a0\u00bb animation_type=\u00a0\u00bbdefault\u00a0\u00bb bg_image_animation=\u00a0\u00bbnone\u00a0\u00bb border_type=\u00a0\u00bbsimple\u00a0\u00bb column_border_width=\u00a0\u00bbnone\u00a0\u00bb column_border_style=\u00a0\u00bbsolid\u00a0\u00bb column_padding_type=\u00a0\u00bbdefault\u00a0\u00bb gradient_type=\u00a0\u00bbdefault\u00a0\u00bb][\/vc_column][\/vc_row]\n","protected":false},"excerpt":{"rendered":"<p>[vc_row type=\u00a0\u00bbfull_width_content\u00a0\u00bb full_screen_row_position=\u00a0\u00bbmiddle\u00a0\u00bb column_margin=\u00a0\u00bbdefault\u00a0\u00bb equal_height=\u00a0\u00bbyes\u00a0\u00bb column_direction=\u00a0\u00bbdefault\u00a0\u00bb column_direction_tablet=\u00a0\u00bbdefault\u00a0\u00bb column_direction_phone=\u00a0\u00bbdefault\u00a0\u00bb bg_color=\u00a0\u00bb#000428&Prime; mouse_based_parallax_bg=\u00a0\u00bbtrue\u00a0\u00bb scene_position=\u00a0\u00bbcenter\u00a0\u00bb text_color=\u00a0\u00bblight\u00a0\u00bb text_align=\u00a0\u00bbleft\u00a0\u00bb row_border_radius=\u00a0\u00bbnone\u00a0\u00bb row_border_radius_applies=\u00a0\u00bbbg\u00a0\u00bb overflow=\u00a0\u00bbvisible\u00a0\u00bb advanced_gradient=\u00a0\u00bblinear-gradient(45deg, rgb(0,2,23) 18%, rgb(0,67,149) 49%, rgb(0,2,23) 83%)\u00a0\u00bb advanced_gradient_angle=\u00a0\u00bb45&Prime; shape_divider_position=\u00a0\u00bbbottom\u00a0\u00bb bg_image_animation=\u00a0\u00bbnone\u00a0\u00bb parallax_bg=\u00a0\u00bbtrue\u00a0\u00bb parallax_bg_speed=\u00a0\u00bbfast\u00a0\u00bb shape_type=\u00a0\u00bb\u00a0\u00bb gradient_type=\u00a0\u00bbadvanced\u00a0\u00bb&#8230;<\/p>\n","protected":false},"author":2,"featured_media":0,"parent":0,"menu_order":20,"comment_status":"closed","ping_status":"closed","template":"","meta":{"footnotes":""},"class_list":["post-12937","page","type-page","status-publish"],"_links":{"self":[{"href":"https:\/\/dribblium.com\/fr\/wp-json\/wp\/v2\/pages\/12937","targetHints":{"allow":["GET"]}}],"collection":[{"href":"https:\/\/dribblium.com\/fr\/wp-json\/wp\/v2\/pages"}],"about":[{"href":"https:\/\/dribblium.com\/fr\/wp-json\/wp\/v2\/types\/page"}],"author":[{"embeddable":true,"href":"https:\/\/dribblium.com\/fr\/wp-json\/wp\/v2\/users\/2"}],"replies":[{"embeddable":true,"href":"https:\/\/dribblium.com\/fr\/wp-json\/wp\/v2\/comments?post=12937"}],"version-history":[{"count":6,"href":"https:\/\/dribblium.com\/fr\/wp-json\/wp\/v2\/pages\/12937\/revisions"}],"predecessor-version":[{"id":12988,"href":"https:\/\/dribblium.com\/fr\/wp-json\/wp\/v2\/pages\/12937\/revisions\/12988"}],"wp:attachment":[{"href":"https:\/\/dribblium.com\/fr\/wp-json\/wp\/v2\/media?parent=12937"}],"curies":[{"name":"wp","href":"https:\/\/api.w.org\/{rel}","templated":true}]}}