{"id":12940,"date":"2024-02-01T08:40:59","date_gmt":"2024-02-01T08:40:59","guid":{"rendered":"https:\/\/dribblium.com\/faq\/"},"modified":"2025-12-18T15:30:36","modified_gmt":"2025-12-18T15:30:36","slug":"faq","status":"publish","type":"page","link":"https:\/\/dribblium.com\/fr\/faq\/","title":{"rendered":"FAQ"},"content":{"rendered":"[vc_row type=\u00a0\u00bbfull_width_content\u00a0\u00bb full_screen_row_position=\u00a0\u00bbmiddle\u00a0\u00bb column_margin=\u00a0\u00bbdefault\u00a0\u00bb equal_height=\u00a0\u00bbyes\u00a0\u00bb column_direction=\u00a0\u00bbdefault\u00a0\u00bb column_direction_tablet=\u00a0\u00bbdefault\u00a0\u00bb column_direction_phone=\u00a0\u00bbdefault\u00a0\u00bb bg_color=\u00a0\u00bb#000428&Prime; mouse_based_parallax_bg=\u00a0\u00bbtrue\u00a0\u00bb scene_position=\u00a0\u00bbcenter\u00a0\u00bb text_color=\u00a0\u00bblight\u00a0\u00bb text_align=\u00a0\u00bbleft\u00a0\u00bb row_border_radius=\u00a0\u00bbnone\u00a0\u00bb row_border_radius_applies=\u00a0\u00bbbg\u00a0\u00bb overflow=\u00a0\u00bbvisible\u00a0\u00bb advanced_gradient=\u00a0\u00bblinear-gradient(45deg, rgb(0,2,23) 18%, rgb(0,67,149) 49%, rgb(0,2,23) 83%)\u00a0\u00bb advanced_gradient_angle=\u00a0\u00bb45&Prime; shape_divider_position=\u00a0\u00bbbottom\u00a0\u00bb bg_image_animation=\u00a0\u00bbnone\u00a0\u00bb parallax_bg=\u00a0\u00bbtrue\u00a0\u00bb parallax_bg_speed=\u00a0\u00bbfast\u00a0\u00bb shape_type=\u00a0\u00bb\u00a0\u00bb gradient_type=\u00a0\u00bbadvanced\u00a0\u00bb advanced_gradient_display_type=\u00a0\u00bblinear\u00a0\u00bb][vc_column column_padding=\u00a0\u00bbno-extra-padding\u00a0\u00bb column_padding_tablet=\u00a0\u00bbinherit\u00a0\u00bb column_padding_phone=\u00a0\u00bbinherit\u00a0\u00bb column_padding_position=\u00a0\u00bbleft-right\u00a0\u00bb column_element_direction_desktop=\u00a0\u00bbdefault\u00a0\u00bb column_element_spacing=\u00a0\u00bbdefault\u00a0\u00bb centered_text=\u00a0\u00bbtrue\u00a0\u00bb desktop_text_alignment=\u00a0\u00bbdefault\u00a0\u00bb tablet_text_alignment=\u00a0\u00bbdefault\u00a0\u00bb phone_text_alignment=\u00a0\u00bbdefault\u00a0\u00bb sticky_content=\u00a0\u00bbtrue\u00a0\u00bb sticky_content_functionality=\u00a0\u00bbjs\u00a0\u00bb background_color_opacity=\u00a0\u00bb0.6&Prime; background_hover_color_opacity=\u00a0\u00bb1&Prime; video_bg=\u00a0\u00bbuse_video\u00a0\u00bb background_video_loading=\u00a0\u00bbdefault\u00a0\u00bb column_backdrop_filter=\u00a0\u00bbnone\u00a0\u00bb column_shadow=\u00a0\u00bbnone\u00a0\u00bb column_border_radius=\u00a0\u00bbnone\u00a0\u00bb column_link_target=\u00a0\u00bb_self\u00a0\u00bb column_position=\u00a0\u00bbdefault\u00a0\u00bb gradient_direction=\u00a0\u00bbleft_to_right\u00a0\u00bb overlay_strength=\u00a0\u00bb0.3&Prime; width=\u00a0\u00bb1\/1&Prime; tablet_width_inherit=\u00a0\u00bbdefault\u00a0\u00bb animation_type=\u00a0\u00bbdefault\u00a0\u00bb bg_image_animation=\u00a0\u00bbnone\u00a0\u00bb border_type=\u00a0\u00bbsimple\u00a0\u00bb column_border_width=\u00a0\u00bbnone\u00a0\u00bb column_border_style=\u00a0\u00bbsolid\u00a0\u00bb column_padding_type=\u00a0\u00bbdefault\u00a0\u00bb gradient_type=\u00a0\u00bbdefault\u00a0\u00bb][vc_row_inner column_margin=\u00a0\u00bbdefault\u00a0\u00bb column_direction=\u00a0\u00bbdefault\u00a0\u00bb column_direction_tablet=\u00a0\u00bbdefault\u00a0\u00bb column_direction_phone=\u00a0\u00bbdefault\u00a0\u00bb text_align=\u00a0\u00bbleft\u00a0\u00bb row_position=\u00a0\u00bbdefault\u00a0\u00bb row_position_tablet=\u00a0\u00bbinherit\u00a0\u00bb row_position_phone=\u00a0\u00bbinherit\u00a0\u00bb overflow=\u00a0\u00bbvisible\u00a0\u00bb pointer_events=\u00a0\u00bball\u00a0\u00bb][vc_column_inner column_padding=\u00a0\u00bbpadding-8-percent\u00a0\u00bb column_padding_tablet=\u00a0\u00bbinherit\u00a0\u00bb column_padding_phone=\u00a0\u00bbinherit\u00a0\u00bb column_padding_position=\u00a0\u00bball\u00a0\u00bb column_element_direction_desktop=\u00a0\u00bbdefault\u00a0\u00bb column_element_spacing=\u00a0\u00bbdefault\u00a0\u00bb desktop_text_alignment=\u00a0\u00bbdefault\u00a0\u00bb tablet_text_alignment=\u00a0\u00bbdefault\u00a0\u00bb phone_text_alignment=\u00a0\u00bbdefault\u00a0\u00bb background_color=\u00a0\u00bb#000217&Prime; background_color_opacity=\u00a0\u00bb0.6&Prime; background_hover_color_opacity=\u00a0\u00bb1&Prime; video_bg=\u00a0\u00bbuse_video\u00a0\u00bb video_mp4=\u00a0\u00bbhttps:\/\/dribblium.com\/wp-content\/uploads\/2024\/01\/lv_0_20240110212150.mp4&Prime; background_video_loading=\u00a0\u00bbdefault\u00a0\u00bb column_backdrop_filter=\u00a0\u00bbnone\u00a0\u00bb column_shadow=\u00a0\u00bbnone\u00a0\u00bb column_border_radius=\u00a0\u00bbnone\u00a0\u00bb column_link_target=\u00a0\u00bb_self\u00a0\u00bb overflow=\u00a0\u00bbvisible\u00a0\u00bb gradient_direction=\u00a0\u00bbleft_to_right\u00a0\u00bb overlay_strength=\u00a0\u00bb0.3&Prime; width=\u00a0\u00bb1\/1&Prime; tablet_width_inherit=\u00a0\u00bbdefault\u00a0\u00bb animation_type=\u00a0\u00bbdefault\u00a0\u00bb bg_image_animation=\u00a0\u00bbnone\u00a0\u00bb border_type=\u00a0\u00bbsimple\u00a0\u00bb column_border_width=\u00a0\u00bbnone\u00a0\u00bb column_border_style=\u00a0\u00bbsolid\u00a0\u00bb column_padding_type=\u00a0\u00bbdefault\u00a0\u00bb gradient_type=\u00a0\u00bbdefault\u00a0\u00bb][vc_custom_heading text=\u00a0\u00bbFAQ\u00a0\u00bb font_container=\u00a0\u00bbtag:h1|font_size:50|text_align:center|line_height:1&Prime; use_theme_fonts=\u00a0\u00bbyes\u00a0\u00bb][divider line_type=\u00a0\u00bbNo Line\u00a0\u00bb custom_height=\u00a0\u00bb5&Prime;][vc_custom_heading text=\u00a0\u00bbQuestions fr\u00e9quemment pos\u00e9es\u00a0\u00bb font_container=\u00a0\u00bbtag:p|font_size:26|text_align:center|line_height:1.1&Prime; use_theme_fonts=\u00a0\u00bbyes\u00a0\u00bb][\/vc_column_inner][\/vc_row_inner][\/vc_column][\/vc_row][vc_row type=\u00a0\u00bbfull_width_content\u00a0\u00bb full_screen_row_position=\u00a0\u00bbmiddle\u00a0\u00bb column_margin=\u00a0\u00bbdefault\u00a0\u00bb equal_height=\u00a0\u00bbyes\u00a0\u00bb column_direction=\u00a0\u00bbdefault\u00a0\u00bb column_direction_tablet=\u00a0\u00bbdefault\u00a0\u00bb column_direction_phone=\u00a0\u00bbdefault\u00a0\u00bb bg_color=\u00a0\u00bb#000428&Prime; mouse_based_parallax_bg=\u00a0\u00bbtrue\u00a0\u00bb scene_position=\u00a0\u00bbcenter\u00a0\u00bb text_color=\u00a0\u00bblight\u00a0\u00bb text_align=\u00a0\u00bbleft\u00a0\u00bb row_border_radius=\u00a0\u00bbnone\u00a0\u00bb row_border_radius_applies=\u00a0\u00bbbg\u00a0\u00bb overflow=\u00a0\u00bbvisible\u00a0\u00bb advanced_gradient=\u00a0\u00bblinear-gradient(45deg, rgb(0,2,23) 18%, rgb(0,67,149) 49%, rgb(0,2,23) 83%)\u00a0\u00bb advanced_gradient_angle=\u00a0\u00bb45&Prime; shape_divider_position=\u00a0\u00bbbottom\u00a0\u00bb bg_image_animation=\u00a0\u00bbnone\u00a0\u00bb parallax_bg=\u00a0\u00bbtrue\u00a0\u00bb parallax_bg_speed=\u00a0\u00bbfast\u00a0\u00bb shape_type=\u00a0\u00bb\u00a0\u00bb gradient_type=\u00a0\u00bbadvanced\u00a0\u00bb advanced_gradient_display_type=\u00a0\u00bblinear\u00a0\u00bb][vc_column column_padding=\u00a0\u00bbpadding-10-percent\u00a0\u00bb column_padding_tablet=\u00a0\u00bbinherit\u00a0\u00bb column_padding_phone=\u00a0\u00bbinherit\u00a0\u00bb column_padding_position=\u00a0\u00bbleft-right\u00a0\u00bb column_element_direction_desktop=\u00a0\u00bbdefault\u00a0\u00bb column_element_spacing=\u00a0\u00bbdefault\u00a0\u00bb centered_text=\u00a0\u00bbtrue\u00a0\u00bb desktop_text_alignment=\u00a0\u00bbleft\u00a0\u00bb tablet_text_alignment=\u00a0\u00bbdefault\u00a0\u00bb phone_text_alignment=\u00a0\u00bbdefault\u00a0\u00bb sticky_content=\u00a0\u00bbtrue\u00a0\u00bb sticky_content_functionality=\u00a0\u00bbjs\u00a0\u00bb background_color_opacity=\u00a0\u00bb0.6&Prime; background_hover_color_opacity=\u00a0\u00bb1&Prime; video_bg=\u00a0\u00bbuse_video\u00a0\u00bb background_video_loading=\u00a0\u00bbdefault\u00a0\u00bb column_backdrop_filter=\u00a0\u00bbnone\u00a0\u00bb column_shadow=\u00a0\u00bbnone\u00a0\u00bb column_border_radius=\u00a0\u00bbnone\u00a0\u00bb column_link_target=\u00a0\u00bb_self\u00a0\u00bb column_position=\u00a0\u00bbdefault\u00a0\u00bb gradient_direction=\u00a0\u00bbleft_to_right\u00a0\u00bb overlay_strength=\u00a0\u00bb0.3&Prime; width=\u00a0\u00bb1\/1&Prime; tablet_width_inherit=\u00a0\u00bbdefault\u00a0\u00bb animation_type=\u00a0\u00bbdefault\u00a0\u00bb bg_image_animation=\u00a0\u00bbnone\u00a0\u00bb border_type=\u00a0\u00bbsimple\u00a0\u00bb column_border_width=\u00a0\u00bbnone\u00a0\u00bb column_border_style=\u00a0\u00bbsolid\u00a0\u00bb column_padding_type=\u00a0\u00bbdefault\u00a0\u00bb gradient_type=\u00a0\u00bbdefault\u00a0\u00bb][toggles style=\u00a0\u00bbminimal_shadow\u00a0\u00bb accordion=\u00a0\u00bbtrue\u00a0\u00bb accordion_starting_functionality=\u00a0\u00bbdefault\u00a0\u00bb border_radius=\u00a0\u00bbnone\u00a0\u00bb][toggle color=\u00a0\u00bbAccent-Color\u00a0\u00bb heading_tag=\u00a0\u00bbh3&Prime; heading_tag_functionality=\u00a0\u00bbdefault\u00a0\u00bb title=\u00a0\u00bbComment commencer \u00e0 utiliser le produit ?\u00a0\u00bb][vc_column_text text_direction=\u00a0\u00bbdefault\u00a0\u00bb]- Achetez la carte de formation en ligne<br \/>\n&#8211; Acc\u00e9dez \u00e0 la web-app<br \/>\n&#8211; Enregistrez-vous en entrant le code unique que vous avez re\u00e7u par e-mail<br \/>\n&#8211; Regardez les tutoriels vid\u00e9o et commencez les sessions de formation[\/vc_column_text][\/toggle][toggle color=\u00a0\u00bbAccent-Color\u00a0\u00bb heading_tag=\u00a0\u00bbh3&Prime; heading_tag_functionality=\u00a0\u00bbdefault\u00a0\u00bb title=\u00a0\u00bbL&#039;autorisation d&#039;un parent ou d&#039;un tuteur doit-elle \u00eatre obtenue pour un mineur ?\u00a0\u00bb][vc_column_text text_direction=\u00a0\u00bbdefault\u00a0\u00bb]\n<p style=\"text-align: left;\">Oui, pour utiliser Dribblium, un parent ou un tuteur doit enregistrer ses donn\u00e9es afin de permettre au jeune athl\u00e8te de participer aux entra\u00eenements et aux d\u00e9fis.<\/p>\n[\/vc_column_text][\/toggle][toggle color=\u00a0\u00bbAccent-Color\u00a0\u00bb heading_tag=\u00a0\u00bbh3&Prime; heading_tag_functionality=\u00a0\u00bbdefault\u00a0\u00bb title=\u00a0\u00bbS&#039;agit-il d&#039;un programme de formation en ligne ?\u00a0\u00bb][vc_column_text text_direction=\u00a0\u00bbdefault\u00a0\u00bb]\n<p style=\"text-align: left;\">Oui, toutes nos formations sont num\u00e9riques et vous pouvez y acc\u00e9der 24 heures sur 24, 7 jours sur 7,<br \/>\navec n&rsquo;importe quel smartphone\/ordinateur portable\/ordinateur de bureau\/tablette.<\/p>\n[\/vc_column_text][\/toggle][toggle color=\u00a0\u00bbAccent-Color\u00a0\u00bb heading_tag=\u00a0\u00bbh3&Prime; heading_tag_functionality=\u00a0\u00bbdefault\u00a0\u00bb title=\u00a0\u00bbQuel est l&#039;objectif de Dribblium ?\u00a0\u00bb][vc_column_text text_direction=\u00a0\u00bbdefault\u00a0\u00bb]\n<p style=\"text-align: left;\">L&rsquo;objectif de Dribblium est de vous apprendre \u00e0 am\u00e9liorer votre contr\u00f4le du ballon tout en vous amusant, avec des entra\u00eenements de football \u00e0 domicile qui vous apprennent la technique pour pouvoir r\u00e9aliser des dribbles l\u00e9gendaires sur le terrain. En vous entra\u00eenant avec Dribblium, vous am\u00e9liorerez les caract\u00e9ristiques suivantes : <\/p>\n<p>&#8211; Dribble<br \/>\n&#8211; Contr\u00f4le du ballon<br \/>\n&#8211; Coordination<br \/>\n&#8211; Stabilit\u00e9<br \/>\n&#8211; Endurance<br \/>\n&#8211; Concentration[\/vc_column_text][\/toggle][toggle color=\u00a0\u00bbAccent-Color\u00a0\u00bb heading_tag=\u00a0\u00bbh3&Prime; heading_tag_functionality=\u00a0\u00bbdefault\u00a0\u00bb title=\u00a0\u00bbEst-il n\u00e9cessaire d&#039;avoir une exp\u00e9rience du football pour utiliser Dribblium ?\u00a0\u00bb][vc_column_text text_direction=\u00a0\u00bbdefault\u00a0\u00bb]\n<p style=\"text-align: left;\">Non, Dribblium convient aux joueurs de tous \u00e2ges et de tous niveaux. Le programme d&rsquo;entra\u00eenement commence par des exercices de base et \u00e9volue progressivement vers des techniques plus avanc\u00e9es, ce qui permet \u00e0 chacun d&rsquo;apprendre et de s&rsquo;am\u00e9liorer <\/p>\n[\/vc_column_text][\/toggle][toggle color=\u00a0\u00bbAccent-Color\u00a0\u00bb heading_tag=\u00a0\u00bbh3&Prime; heading_tag_functionality=\u00a0\u00bbdefault\u00a0\u00bb title=\u00a0\u00bbDribblium est-il compatible avec les appareils mobiles, les ordinateurs et les t\u00e9l\u00e9viseurs ?\u00a0\u00bb][vc_column_text text_direction=\u00a0\u00bbdefault\u00a0\u00bb]\n<p style=\"text-align: left;\">Oui, l&rsquo;application web Dribblium est compatible avec les appareils mobiles et les ordinateurs, ce qui vous permet d&rsquo;acc\u00e9der \u00e0 des didacticiels vid\u00e9o et \u00e0 d&rsquo;autres fonctionnalit\u00e9s du jeu sur diff\u00e9rentes plateformes. Gr\u00e2ce \u00e0 la fonction de miroir d&rsquo;\u00e9cran, vous pouvez partager votre exp\u00e9rience sur n&rsquo;importe quel t\u00e9l\u00e9viseur. <\/p>\n[\/vc_column_text][\/toggle][toggle color=\u00a0\u00bbAccent-Color\u00a0\u00bb heading_tag=\u00a0\u00bbh3&Prime; heading_tag_functionality=\u00a0\u00bbdefault\u00a0\u00bb title=\u00a0\u00bbQuels sont les \u00e9l\u00e9ments du kit d&#039;entra\u00eenement\/de jeu Dribblium ?\u00a0\u00bb][vc_column_text text_direction=\u00a0\u00bbdefault\u00a0\u00bb]\n<p style=\"text-align: left;\">Le kit d&rsquo;entra\u00eenement\/de jeu Dribblium comprend deux \u00e9l\u00e9ments principaux :<\/p>\n<p>&#8211; Carte d&rsquo;entra\u00eenement, repr\u00e9sent\u00e9e sur le tapis multifonctionnel inclus dans l&rsquo;achat du jeu<br \/>\n&#8211; Les le\u00e7ons sont dispens\u00e9es par le biais de didacticiels vid\u00e9o d\u00e9crivant les mouvements \u00e0 effectuer sur la carte d&rsquo;entra\u00eenement.[\/vc_column_text][\/toggle][toggle color=\u00a0\u00bbAccent-Color\u00a0\u00bb heading_tag=\u00a0\u00bbh3&Prime; heading_tag_functionality=\u00a0\u00bbdefault\u00a0\u00bb title=\u00a0\u00bbQu&#039;est-ce qui est inclus dans le produit ?\u00a0\u00bb][vc_column_text text_direction=\u00a0\u00bbdefault\u00a0\u00bb]- <strong> Carte d&rsquo;entra\u00eenement<\/strong> &#8211; de haute qualit\u00e9, r\u00e9sistante au frottement et facile \u00e0 laver ;<br \/>\n &#8211;<strong> Application web Dribblium<\/strong> &#8211; pour vous entra\u00eener et suivre vos techniques de contr\u00f4le du ballon ;<br \/>\n<strong>&#8211; +100 sessions d&rsquo;entra\u00eenement <\/strong>&#8211; chaque vid\u00e9o permet aux joueurs de comprendre et de ma\u00eetriser la technique pr\u00e9sent\u00e9e ;<br \/>\n &#8211;<strong> Feuille d&rsquo;\u00e9valuation TABS pour les recruteurs <\/strong>&#8211; pour avoir une chance de se faire remarquer ;<br \/>\n &#8211; Cordon de<strong> transport et d&rsquo;\u00e9tirement <\/strong>&#8211; utilisez le cordon pour transporter votre tapis o\u00f9 vous voulez et pour vos s\u00e9ances d&rsquo;\u00e9tirement.[\/vc_column_text][\/toggle][toggle color=\u00a0\u00bbAccent-Color\u00a0\u00bb heading_tag=\u00a0\u00bbh3&Prime; heading_tag_functionality=\u00a0\u00bbdefault\u00a0\u00bb title=\u00a0\u00bbAvez-vous besoin de beaucoup d&#039;espace pour vous entra\u00eener avec Dribblium ?\u00a0\u00bb][vc_column_text text_direction=\u00a0\u00bbdefault\u00a0\u00bb]\n<p style=\"text-align: left;\">La carte de formation est con\u00e7ue pour \u00eatre utilis\u00e9e dans un espace restreint. La carte de formation a des dimensions de 150x90cm. <\/p>\n[\/vc_column_text][\/toggle][toggle color=\u00a0\u00bbAccent-Color\u00a0\u00bb heading_tag=\u00a0\u00bbh3&Prime; heading_tag_functionality=\u00a0\u00bbdefault\u00a0\u00bb title=\u00a0\u00bbEst-il possible d&#039;utiliser Dribblium en groupe ou seulement individuellement ?\u00a0\u00bb][vc_column_text text_direction=\u00a0\u00bbdefault\u00a0\u00bb]\n<p style=\"text-align: left;\">Dribblium est principalement con\u00e7u pour l&rsquo;entra\u00eenement individuel, mais peut \u00e9galement \u00eatre utilis\u00e9 en groupe pour des d\u00e9fis amicaux et des s\u00e9ances d&rsquo;entra\u00eenement partag\u00e9es.<\/p>\n[\/vc_column_text][\/toggle][toggle color=\u00a0\u00bbAccent-Color\u00a0\u00bb heading_tag=\u00a0\u00bbh3&Prime; heading_tag_functionality=\u00a0\u00bbdefault\u00a0\u00bb title=\u00a0\u00bbQuelles sont les caract\u00e9ristiques de la carte de formation ?\u00a0\u00bb][vc_column_text text_direction=\u00a0\u00bbdefault\u00a0\u00bb]\n<p style=\"text-align: left;\">Le tapis pr\u00e9sente les caract\u00e9ristiques suivantes :<\/p>\n<p>&#8211; Base antid\u00e9rapante et imperm\u00e9able<br \/>\n&#8211; Dessus en tissu absorbant<br \/>\n&#8211; Dimensions : 150x90cm<br \/>\n&#8211; Lavable \u00e0 l&rsquo;aide d&rsquo;une \u00e9ponge humide et d&rsquo;un savon au PH neutre ou en machine \u00e0 laver \u00e0 30 degr\u00e9s.<br \/>\nIl est recommand\u00e9 de le nettoyer \u00e0 l&rsquo;aide d&rsquo;un aspirateur ou d&rsquo;une brosse. L&rsquo;utilisation de produits chimiques est d\u00e9conseill\u00e9e. L&rsquo;utilisation de jets d&rsquo;eau ou de nettoyeurs \u00e0 vapeur n&rsquo;est pas recommand\u00e9e.[\/vc_column_text][\/toggle][toggle color=\u00a0\u00bbAccent-Color\u00a0\u00bb heading_tag=\u00a0\u00bbh3&Prime; heading_tag_functionality=\u00a0\u00bbdefault\u00a0\u00bb title=\u00a0\u00bbJ&#039;ai vu des tapis semblables \u00e0 celui de DRIBBLIUM, quelle est la diff\u00e9rence ?  \u00ab\u00a0][vc_column_text text_direction=\u00a0\u00bbdefault\u00a0\u00bb]Ne vous limitez pas \u00e0 l&rsquo;\u00e9valuation d&rsquo;une seule caract\u00e9ristique visuelle : tout comme une voiture de sport diff\u00e8re d&rsquo;une voiture \u00e0 hayon bien qu&rsquo;elles aient toutes deux quatre roues, notre tapis avec son programme d&rsquo;entra\u00eenement cr\u00e9e une nouvelle exp\u00e9rience dans laquelle l&rsquo;engagement de l&rsquo;enfant est le pivot fondamental pour le stimuler \u00e0 jouer tous les jours et cr\u00e9er une habitude positive d&rsquo;entra\u00eenement int\u00e9gratif de 20 minutes, en supprimant le temps pass\u00e9 sur le t\u00e9l\u00e9phone portable.<br \/>\nDribblium se distingue de ses concurrents gr\u00e2ce \u00e0 un certain nombre de caract\u00e9ristiques uniques. Voici les principales diff\u00e9rences : <\/p>\n<p><strong>1. Taille et qualit\u00e9 du tapis (carte de formation) :<\/strong><\/p>\n<p>Dimensions : V\u00e9rifiez si la moquette concurrente a les m\u00eames dimensions g\u00e9n\u00e9reuses que Dribblium (150&#215;90 cm) ou si elle est plus petite.<br \/>\nCertifications et s\u00e9curit\u00e9 : la moquette de Dribblium est certifi\u00e9e CE, ignifuge et sans plastique, ce qui garantit la s\u00e9curit\u00e9 et la qualit\u00e9.<br \/>\nAntid\u00e9rapant et certification : Dribblium propose une moquette antid\u00e9rapante, avec une certification et une fiche technique d\u00e9taill\u00e9e qui comprend l&rsquo;\u00e9tiquetage du lot de production.<\/p>\n<p><strong>2. Programme d&rsquo;entra\u00eenement (Exergame) :<\/strong><\/p>\n<p>Des le\u00e7ons vid\u00e9o de haute qualit\u00e9 : Les le\u00e7ons de Dribblium sont d\u00e9velopp\u00e9es par des champions du monde dans leur domaine et proposent plus de 100 exercices diff\u00e9renci\u00e9s.<br \/>\nPlate-forme de formation interactive : Dribblium vous permet de t\u00e9l\u00e9charger vos propres vid\u00e9os de formation et de cr\u00e9er un CV vid\u00e9o unique.<br \/>\nOpportunit\u00e9s professionnelles : offre la possibilit\u00e9 d&rsquo;\u00eatre remarqu\u00e9 par des d\u00e9couvreurs de talents et de recevoir des invitations \u00e0 des s\u00e9ances d&rsquo;essai dans des \u00e9quipes professionnelles.<br \/>\nGamification de l&rsquo;entra\u00eenement : l&rsquo;exp\u00e9rience d&rsquo;entra\u00eenement est structur\u00e9e comme un jeu vid\u00e9o, avec l&rsquo;obtention de cr\u00e9dits, de troph\u00e9es et la possibilit\u00e9 de progresser dans une carri\u00e8re sportive.<br \/>\nClassement personnalis\u00e9 : la plateforme propose un classement par \u00e2ge et par sexe, ce qui rend la comp\u00e9tition \u00e9quitable et stimulante.<br \/>\nCartographie et suivi des r\u00e9sultats : Dribblium propose un syst\u00e8me de cartographie des r\u00e9sultats pour chaque s\u00e9ance d&rsquo;entra\u00eenement, ce qui vous permet de suivre vos progr\u00e8s, la fr\u00e9quence de vos exercices et d&rsquo;auto-\u00e9valuer vos performances.<br \/>\nInteraction sociale : semblable \u00e0 un r\u00e9seau social, Dribblium vous permet de recevoir des f\u00e9licitations de la part de la communaut\u00e9 pour vos s\u00e9ances d&rsquo;entra\u00eenement, ce qui renforce l&rsquo;engagement et la motivation.<\/p>\n<p>En r\u00e9sum\u00e9, Dribblium n&rsquo;est pas seulement un tapis d&rsquo;entra\u00eenement de football, mais un \u00e9cosyst\u00e8me complet qui combine technologie avanc\u00e9e, interactivit\u00e9 et opportunit\u00e9s professionnelles, offrant une exp\u00e9rience d&rsquo;entra\u00eenement unique qui va au-del\u00e0 du simple exercice, en se concentrant sur l&rsquo;engagement, le d\u00e9veloppement personnel et les opportunit\u00e9s dans le monde du football professionnel. Ces caract\u00e9ristiques le distinguent des produits concurrents et en font un v\u00e9ritable \u00ab\u00a0jeu de football des talents\u00a0\u00bb qui offre un monde d&rsquo;entra\u00eenement innovant avec des implications r\u00e9elles pour les performances footballistiques pendant les matchs.[\/vc_column_text][\/toggle][\/toggles][\/vc_column][\/vc_row]\n","protected":false},"excerpt":{"rendered":"<p>[vc_row type=\u00a0\u00bbfull_width_content\u00a0\u00bb full_screen_row_position=\u00a0\u00bbmiddle\u00a0\u00bb column_margin=\u00a0\u00bbdefault\u00a0\u00bb equal_height=\u00a0\u00bbyes\u00a0\u00bb column_direction=\u00a0\u00bbdefault\u00a0\u00bb column_direction_tablet=\u00a0\u00bbdefault\u00a0\u00bb column_direction_phone=\u00a0\u00bbdefault\u00a0\u00bb bg_color=\u00a0\u00bb#000428&Prime; mouse_based_parallax_bg=\u00a0\u00bbtrue\u00a0\u00bb scene_position=\u00a0\u00bbcenter\u00a0\u00bb text_color=\u00a0\u00bblight\u00a0\u00bb text_align=\u00a0\u00bbleft\u00a0\u00bb row_border_radius=\u00a0\u00bbnone\u00a0\u00bb row_border_radius_applies=\u00a0\u00bbbg\u00a0\u00bb overflow=\u00a0\u00bbvisible\u00a0\u00bb advanced_gradient=\u00a0\u00bblinear-gradient(45deg, rgb(0,2,23) 18%, rgb(0,67,149) 49%, rgb(0,2,23) 83%)\u00a0\u00bb advanced_gradient_angle=\u00a0\u00bb45&Prime; shape_divider_position=\u00a0\u00bbbottom\u00a0\u00bb bg_image_animation=\u00a0\u00bbnone\u00a0\u00bb parallax_bg=\u00a0\u00bbtrue\u00a0\u00bb parallax_bg_speed=\u00a0\u00bbfast\u00a0\u00bb shape_type=\u00a0\u00bb\u00a0\u00bb gradient_type=\u00a0\u00bbadvanced\u00a0\u00bb&#8230;<\/p>\n","protected":false},"author":2,"featured_media":0,"parent":0,"menu_order":16,"comment_status":"closed","ping_status":"closed","template":"","meta":{"footnotes":""},"class_list":["post-12940","page","type-page","status-publish"],"_links":{"self":[{"href":"https:\/\/dribblium.com\/fr\/wp-json\/wp\/v2\/pages\/12940","targetHints":{"allow":["GET"]}}],"collection":[{"href":"https:\/\/dribblium.com\/fr\/wp-json\/wp\/v2\/pages"}],"about":[{"href":"https:\/\/dribblium.com\/fr\/wp-json\/wp\/v2\/types\/page"}],"author":[{"embeddable":true,"href":"https:\/\/dribblium.com\/fr\/wp-json\/wp\/v2\/users\/2"}],"replies":[{"embeddable":true,"href":"https:\/\/dribblium.com\/fr\/wp-json\/wp\/v2\/comments?post=12940"}],"version-history":[{"count":1,"href":"https:\/\/dribblium.com\/fr\/wp-json\/wp\/v2\/pages\/12940\/revisions"}],"predecessor-version":[{"id":12943,"href":"https:\/\/dribblium.com\/fr\/wp-json\/wp\/v2\/pages\/12940\/revisions\/12943"}],"wp:attachment":[{"href":"https:\/\/dribblium.com\/fr\/wp-json\/wp\/v2\/media?parent=12940"}],"curies":[{"name":"wp","href":"https:\/\/api.w.org\/{rel}","templated":true}]}}